{"id":18639,"date":"2024-08-27T11:56:32","date_gmt":"2024-08-27T01:56:32","guid":{"rendered":"https:\/\/www.huonaqua.com.au\/?page_id=18639"},"modified":"2024-08-27T12:00:40","modified_gmt":"2024-08-27T02:00:40","slug":"privacy-policy","status":"publish","type":"page","link":"https:\/\/www.huonaqua.com.au\/vi\/fresherrewards\/privacy-policy\/","title":{"rendered":"Ch\u00ednh s\u00e1ch B\u1ea3o m\u1eadt Fresher Rewards"},"content":{"rendered":"<p><strong>Th\u00f4ng b\u00e1o v\u1ec1 Quy\u1ec1n Ri\u00eang t\u01b0<\/strong><\/p>\n\n\n\n<p>Huon Aquaculture Company Pty Ltd (ABN 86 067 386 109) (<strong>Hu\u00e2n<\/strong>) \u0111ang thu th\u1eadp th\u00f4ng tin c\u00e1 nh\u00e2n c\u1ee7a b\u1ea1n cho m\u1ee5c \u0111\u00edch:<\/p>\n\n\n\n<ul class=\"wp-block-list\">\n<li>Thi\u1ebft l\u1eadp d\u1eef li\u1ec7u c\u01a1 b\u1ea3n v\u1ec1 h\u00e0nh vi ti\u00eau d\u00f9ng c\u1ee7a ch\u1ee7 v\u1eadt nu\u00f4i;<\/li>\n\n\n\n<li>Hi\u1ec3u r\u00f5 c\u01a1 s\u1edf ng\u01b0\u1eddi ti\u00eau d\u00f9ng v\u00e0 th\u00f3i quen mua s\u1eafm c\u1ee7a h\u1ecd; v\u00e0<\/li>\n\n\n\n<li>\u0111\u1ec3 cung c\u1ea5p cho b\u1ea1n c\u00e1c s\u1ea3n ph\u1ea9m m\u1eabu.<\/li>\n<\/ul>\n\n\n\n<p>Huon thu th\u1eadp v\u00e0 s\u1eed d\u1ee5ng th\u00f4ng tin c\u00e1 nh\u00e2n \u0111\u00e3 thu th\u1eadp \u1edf tr\u00ean theo \u1ee7y quy\u1ec1n c\u1ee7a&nbsp;<em>\u0110\u1ea1o lu\u1eadt Quy\u1ec1n ri\u00eang t\u01b0 1988&nbsp;<\/em>(Cth). Th\u00f4ng tin tr\u00ean l\u00e0 c\u1ea7n thi\u1ebft \u0111\u1ec3 cung c\u1ea5p cho qu\u00fd v\u1ecb c\u00e1c m\u1eabu s\u1ea3n ph\u1ea9m; n\u1ebfu qu\u00fd v\u1ecb kh\u00f4ng cung c\u1ea5p th\u00f4ng tin tr\u00ean, Huon s\u1ebd kh\u00f4ng th\u1ec3 cung c\u1ea5p c\u00e1c m\u1eabu s\u1ea3n ph\u1ea9m n\u00e0y cho qu\u00fd v\u1ecb.<\/p>\n\n\n\n<p>Ch\u00ednh s\u00e1ch quy\u1ec1n ri\u00eang t\u01b0 c\u1ee7a Huon ch\u1ee9a \u0111\u1ea7y \u0111\u1ee7 th\u00f4ng tin v\u1ec1 c\u00e1ch b\u1ea1n c\u00f3 th\u1ec3 truy c\u1eadp th\u00f4ng tin ch\u00fang t\u00f4i l\u01b0u gi\u1eef v\u1ec1 b\u1ea1n v\u00e0 c\u00e1ch b\u1ea1n c\u00f3 th\u1ec3 y\u00eau c\u1ea7u s\u1eeda \u0111\u1ed5i b\u1ea5t k\u1ef3 th\u00f4ng tin n\u00e0o nh\u01b0 v\u1eady. \u0110\u1ec3 bi\u1ebft th\u00eam th\u00f4ng tin v\u1ec1 c\u00e1ch Huon x\u1eed l\u00fd th\u00f4ng tin c\u00e1 nh\u00e2n c\u1ee7a b\u1ea1n v\u00e0 c\u00e1ch Huon qu\u1ea3n l\u00fd c\u00e1c vi ph\u1ea1m quy\u1ec1n ri\u00eang t\u01b0, vui l\u00f2ng xem Ch\u00ednh s\u00e1ch quy\u1ec1n ri\u00eang t\u01b0 c\u1ee7a ch\u00fang t\u00f4i ho\u1eb7c li\u00ean h\u1ec7 v\u1edbi C\u00e1n b\u1ed9 quy\u1ec1n ri\u00eang t\u01b0 c\u1ee7a ch\u00fang t\u00f4i:<\/p>\n\n\n\n<p><strong>Nh\u00e2n vi\u00ean ph\u1ee5 tr\u00e1ch quy\u1ec1n ri\u00eang t\u01b0<\/strong><\/p>\n\n\n\n<p>\u0110i\u1ec7n tho\u1ea1i:<\/p>\n\n\n\n<p>(03) 6295 8111<\/p>\n\n\n\n<p>Th\u01b0: Nh\u00e2n vi\u00ean ph\u1ee5 tr\u00e1ch B\u1ea3o m\u1eadt, C\u00f4ng ty Nu\u00f4i tr\u1ed3ng th\u1ee7y s\u1ea3n Huon Pty Ltd<\/p>\n\n\n\n<p>T\u1ea7ng 13\/188 \u0110\u01b0\u1eddng Collins<\/p>\n\n\n\n<p>Hobart TAS 7000<\/p>\n\n\n\n<p>Email:\u00a0yourprivacy@huonaqua.com.au<\/p>","protected":false},"excerpt":{"rendered":"<p>Privacy Notice Huon Aquaculture Company Pty Ltd (ABN 86 067 386 109) (Huon) is collecting your personal information for the purpose of: Huon collects and uses the personal information collected above as authorised by the&nbsp;Privacy Act 1988&nbsp;(Cth). The above information is required to supply you with product samples; where you do not provide the above&hellip;<\/p>","protected":false},"author":1,"featured_media":0,"parent":18637,"menu_order":29,"comment_status":"closed","ping_status":"closed","template":"","meta":{"_acf_changed":false,"footnotes":""},"class_list":["post-18639","page","type-page","status-publish","hentry"],"acf":[],"yoast_head":"<!-- This site is optimized with the Yoast SEO plugin v24.9 - https:\/\/yoast.com\/wordpress\/plugins\/seo\/ -->\n<title>Fresher Rewards Privacy Policy - Huon Aqua<\/title>\n<meta name=\"robots\" content=\"index, follow, max-snippet:-1, max-image-preview:large, max-video-preview:-1\" \/>\n<link rel=\"canonical\" href=\"https:\/\/www.huonaqua.com.au\/vi\/fresherrewards\/privacy-policy\/\" \/>\n<meta property=\"og:locale\" content=\"vi_VN\" \/>\n<meta property=\"og:type\" content=\"article\" \/>\n<meta property=\"og:title\" content=\"Fresher Rewards Privacy Policy - Huon Aqua\" \/>\n<meta property=\"og:description\" content=\"Privacy Notice Huon Aquaculture Company Pty Ltd (ABN 86 067 386 109) (Huon) is collecting your personal information for the purpose of: Huon collects and uses the personal information collected above as authorised by the&nbsp;Privacy Act 1988&nbsp;(Cth). The above information is required to supply you with product samples; where you do not provide the above&hellip;\" \/>\n<meta property=\"og:url\" content=\"https:\/\/www.huonaqua.com.au\/vi\/fresherrewards\/privacy-policy\/\" \/>\n<meta property=\"og:site_name\" content=\"Huon Aqua\" \/>\n<meta property=\"article:modified_time\" content=\"2024-08-27T02:00:40+00:00\" \/>\n<meta name=\"twitter:card\" content=\"summary_large_image\" \/>\n<meta name=\"twitter:label1\" content=\"Est. reading time\" \/>\n\t<meta name=\"twitter:data1\" content=\"1 minute\" \/>\n<script type=\"application\/ld+json\" class=\"yoast-schema-graph\">{\"@context\":\"https:\/\/schema.org\",\"@graph\":[{\"@type\":\"WebPage\",\"@id\":\"https:\/\/www.huonaqua.com.au\/fresherrewards\/privacy-policy\/\",\"url\":\"https:\/\/www.huonaqua.com.au\/fresherrewards\/privacy-policy\/\",\"name\":\"Fresher Rewards Privacy Policy - Huon Aqua\",\"isPartOf\":{\"@id\":\"https:\/\/www.huonaqua.com.au\/#website\"},\"datePublished\":\"2024-08-27T01:56:32+00:00\",\"dateModified\":\"2024-08-27T02:00:40+00:00\",\"breadcrumb\":{\"@id\":\"https:\/\/www.huonaqua.com.au\/fresherrewards\/privacy-policy\/#breadcrumb\"},\"inLanguage\":\"vi\",\"potentialAction\":[{\"@type\":\"ReadAction\",\"target\":[\"https:\/\/www.huonaqua.com.au\/fresherrewards\/privacy-policy\/\"]}]},{\"@type\":\"BreadcrumbList\",\"@id\":\"https:\/\/www.huonaqua.com.au\/fresherrewards\/privacy-policy\/#breadcrumb\",\"itemListElement\":[{\"@type\":\"ListItem\",\"position\":1,\"name\":\"Home\",\"item\":\"https:\/\/www.huonaqua.com.au\/\"},{\"@type\":\"ListItem\",\"position\":2,\"name\":\"Fresher Rewards\",\"item\":\"https:\/\/www.huonaqua.com.au\/fresherrewards\/\"},{\"@type\":\"ListItem\",\"position\":3,\"name\":\"Fresher Rewards Privacy Policy\"}]},{\"@type\":\"WebSite\",\"@id\":\"https:\/\/www.huonaqua.com.au\/#website\",\"url\":\"https:\/\/www.huonaqua.com.au\/\",\"name\":\"Huon Aqua\",\"description\":\"Oceans Ahead. Always.\",\"potentialAction\":[{\"@type\":\"SearchAction\",\"target\":{\"@type\":\"EntryPoint\",\"urlTemplate\":\"https:\/\/www.huonaqua.com.au\/?s={search_term_string}\"},\"query-input\":{\"@type\":\"PropertyValueSpecification\",\"valueRequired\":true,\"valueName\":\"search_term_string\"}}],\"inLanguage\":\"vi\"}]}<\/script>\n<!-- \/ Yoast SEO plugin. -->","yoast_head_json":{"title":"Fresher Rewards Privacy Policy - Huon Aqua","robots":{"index":"index","follow":"follow","max-snippet":"max-snippet:-1","max-image-preview":"max-image-preview:large","max-video-preview":"max-video-preview:-1"},"canonical":"https:\/\/www.huonaqua.com.au\/vi\/fresherrewards\/privacy-policy\/","og_locale":"vi_VN","og_type":"article","og_title":"Fresher Rewards Privacy Policy - Huon Aqua","og_description":"Privacy Notice Huon Aquaculture Company Pty Ltd (ABN 86 067 386 109) (Huon) is collecting your personal information for the purpose of: Huon collects and uses the personal information collected above as authorised by the&nbsp;Privacy Act 1988&nbsp;(Cth). The above information is required to supply you with product samples; where you do not provide the above&hellip;","og_url":"https:\/\/www.huonaqua.com.au\/vi\/fresherrewards\/privacy-policy\/","og_site_name":"Huon Aqua","article_modified_time":"2024-08-27T02:00:40+00:00","twitter_card":"summary_large_image","twitter_misc":{"Est. reading time":"1 minute"},"schema":{"@context":"https:\/\/schema.org","@graph":[{"@type":"WebPage","@id":"https:\/\/www.huonaqua.com.au\/fresherrewards\/privacy-policy\/","url":"https:\/\/www.huonaqua.com.au\/fresherrewards\/privacy-policy\/","name":"Fresher Rewards Privacy Policy - Huon Aqua","isPartOf":{"@id":"https:\/\/www.huonaqua.com.au\/#website"},"datePublished":"2024-08-27T01:56:32+00:00","dateModified":"2024-08-27T02:00:40+00:00","breadcrumb":{"@id":"https:\/\/www.huonaqua.com.au\/fresherrewards\/privacy-policy\/#breadcrumb"},"inLanguage":"vi","potentialAction":[{"@type":"ReadAction","target":["https:\/\/www.huonaqua.com.au\/fresherrewards\/privacy-policy\/"]}]},{"@type":"BreadcrumbList","@id":"https:\/\/www.huonaqua.com.au\/fresherrewards\/privacy-policy\/#breadcrumb","itemListElement":[{"@type":"ListItem","position":1,"name":"Home","item":"https:\/\/www.huonaqua.com.au\/"},{"@type":"ListItem","position":2,"name":"Fresher Rewards","item":"https:\/\/www.huonaqua.com.au\/fresherrewards\/"},{"@type":"ListItem","position":3,"name":"Fresher Rewards Privacy Policy"}]},{"@type":"WebSite","@id":"https:\/\/www.huonaqua.com.au\/#website","url":"https:\/\/www.huonaqua.com.au\/","name":"Huon Aqua","description":"Oceans Ahead. Always.","potentialAction":[{"@type":"SearchAction","target":{"@type":"EntryPoint","urlTemplate":"https:\/\/www.huonaqua.com.au\/?s={search_term_string}"},"query-input":{"@type":"PropertyValueSpecification","valueRequired":true,"valueName":"search_term_string"}}],"inLanguage":"vi"}]}},"_links":{"self":[{"href":"https:\/\/www.huonaqua.com.au\/vi\/wp-json\/wp\/v2\/pages\/18639","targetHints":{"allow":["GET"]}}],"collection":[{"href":"https:\/\/www.huonaqua.com.au\/vi\/wp-json\/wp\/v2\/pages"}],"about":[{"href":"https:\/\/www.huonaqua.com.au\/vi\/wp-json\/wp\/v2\/types\/page"}],"author":[{"embeddable":true,"href":"https:\/\/www.huonaqua.com.au\/vi\/wp-json\/wp\/v2\/users\/1"}],"replies":[{"embeddable":true,"href":"https:\/\/www.huonaqua.com.au\/vi\/wp-json\/wp\/v2\/comments?post=18639"}],"version-history":[{"count":2,"href":"https:\/\/www.huonaqua.com.au\/vi\/wp-json\/wp\/v2\/pages\/18639\/revisions"}],"predecessor-version":[{"id":18642,"href":"https:\/\/www.huonaqua.com.au\/vi\/wp-json\/wp\/v2\/pages\/18639\/revisions\/18642"}],"up":[{"embeddable":true,"href":"https:\/\/www.huonaqua.com.au\/vi\/wp-json\/wp\/v2\/pages\/18637"}],"wp:attachment":[{"href":"https:\/\/www.huonaqua.com.au\/vi\/wp-json\/wp\/v2\/media?parent=18639"}],"curies":[{"name":"wp","href":"https:\/\/api.w.org\/{rel}","templated":true}]}}