{"id":18651,"date":"2024-08-30T08:50:50","date_gmt":"2024-08-29T22:50:50","guid":{"rendered":"https:\/\/www.huonaqua.com.au\/?page_id=18651"},"modified":"2026-03-24T11:26:17","modified_gmt":"2026-03-24T00:26:17","slug":"community-support","status":"publish","type":"page","link":"https:\/\/www.huonaqua.com.au\/vi\/community\/community-support\/","title":{"rendered":"H\u1ed7 tr\u1ee3 c\u1ed9ng \u0111\u1ed3ng"},"content":{"rendered":"<h4 class=\"wp-block-heading has-text-align-left\">Ch\u0103m s\u00f3c C\u1ed9ng \u0111\u1ed3ng<\/h4>\n\n\n\n<p class=\"has-text-align-left\">T\u1ea1i Huon, ch\u00fang t\u00f4i lu\u00f4n n\u1ed7 l\u1ef1c \u0111\u00f3ng g\u00f3p t\u00edch c\u1ef1c cho c\u1ed9ng \u0111\u1ed3ng \u0111\u1ecba ph\u01b0\u01a1ng. Ch\u00fang t\u00f4i cam k\u1ebft h\u1ed7 tr\u1ee3 nhi\u1ec1u t\u1ed5 ch\u1ee9c c\u1ed9ng \u0111\u1ed3ng, c\u00e2u l\u1ea1c b\u1ed9, t\u1ed5 ch\u1ee9c t\u1eeb thi\u1ec7n, tr\u01b0\u1eddng h\u1ecdc v\u00e0 nh\u00f3m th\u1ec3 thao \u0111\u1ecba ph\u01b0\u01a1ng. M\u1ee5c ti\u00eau c\u1ee7a ch\u00fang t\u00f4i l\u00e0 x\u00e2y d\u1ef1ng m\u1ed1i quan h\u1ec7 b\u1ec1n ch\u1eb7t, t\u00edch c\u1ef1c v\u1edbi c\u00e1c c\u1ed9ng \u0111\u1ed3ng n\u01a1i ch\u00fang t\u00f4i ho\u1ea1t \u0111\u1ed9ng.<\/p>\n\n\n\n<p class=\"has-text-align-left\">\u0110\u1ec3 \u0111\u01b0\u1ee3c h\u1ed7 tr\u1ee3 th\u00eam, vui l\u00f2ng li\u00ean h\u1ec7 v\u1edbi ch\u00fang t\u00f4i t\u1ea1i&nbsp;<a href=\"mailto:community@huonaqua.com.au\">community@huonaqua.com.au<\/a>.<\/p>\n\n\n\n<hr class=\"wp-block-separator has-alpha-channel-opacity\"\/>\n\n\n\n<h4 class=\"wp-block-heading has-text-align-left\">H\u1ed7 tr\u1ee3 c\u1ed9ng \u0111\u1ed3ng<\/h4>\n\n\n\n<p class=\"has-text-align-left\">H\u1eb1ng n\u0103m, Huon \u0111\u00f3ng g\u00f3p cho nhi\u1ec1u c\u00e2u l\u1ea1c b\u1ed9 \u0111\u1ecba ph\u01b0\u01a1ng, nh\u00f3m c\u1ed9ng \u0111\u1ed3ng v\u00e0 \u0111\u1ed9i th\u1ec3 thao.<\/p>\n\n\n\n<div class=\"wp-block-ionata-accordion-block b-accordion\" data-auto-close=\"true\" data-is-animated=\"false\"><details class=\"b-accordion__container\"><summary class=\"b-accordion-head\"><h2 id=\"at-186510\" class=\"b-accordion-head__title\">2026 (t\u00ednh \u0111\u1ebfn nay)<\/h2><i class=\"b-accordion-head__indicator\" aria-hidden=\"true\"><\/i><\/summary><div class=\"b-accordion-body\"><div id=\"ac-186510\" class=\"b-accordion-body__inner\">\n<div class=\"wp-block-columns is-layout-flex wp-container-core-columns-is-layout-1 wp-block-columns-is-layout-flex\">\n<div class=\"wp-block-column is-layout-flow wp-block-column-is-layout-flow\">\n<p>Franklin Bowls C\u1ed9ng \u0111\u1ed3ng v\u00e0 C\u00e2u l\u1ea1c b\u1ed9<\/p>\n\n\n\n<p>\u0110i d\u00e3 ngo\u1ea1i n\u00fai Lyell<\/p>\n\n\n\n<p>H\u1ebbm n\u00fai Huon<\/p>\n\n\n\n<p>Esperance RSL Sub Branch Inc<\/p>\n\n\n\n<p>C\u00e2u l\u1ea1c b\u1ed9 b\u00f3ng \u0111\u00e1 Cygnet<\/p>\n\n\n\n<p>V\u1edb Gi\u00e1ng Sinh c\u1ee7a Ng\u01b0\u1eddi Ki\u1ec3m Tra<\/p>\n<\/div>\n\n\n\n<div class=\"wp-block-column is-layout-flow wp-block-column-is-layout-flow\">\n<p>Geeveston Wheels trong C\u00f4ng vi\u00ean<\/p>\n\n\n\n<p>Li\u00ean \u0111o\u00e0n Nh\u00e0 th\u1ea7u X\u00e2y d\u1ef1ng<\/p>\n\n\n\n<p>T\u1ed5 ch\u1ee9c S.H.E<\/p>\n\n\n\n<p>C\u00e2u l\u1ea1c b\u1ed9 Thuy\u1ec1n bu\u1ed3m Port Esperance<\/p>\n\n\n\n<p>C\u1ea1o t\u00f3c cho Ng\u01b0\u1eddi tuy\u1ec7t v\u1eddi nh\u1ea5t Th\u1ebf gi\u1edbi<\/p>\n\n\n\n<p>L\u1eddi k\u00eau g\u1ecdi quy\u00ean g\u00f3p m\u00f9a \u0111\u00f4ng c\u1ee7a Examiner<\/p>\n<\/div>\n\n\n\n<div class=\"wp-block-column is-layout-flow wp-block-column-is-layout-flow\">\n<p>C\u00e2u l\u1ea1c b\u1ed9 Chu\u1ed9t lang Hobart<\/p>\n\n\n\n<p>Ti\u1ec7c n\u01b0\u1edbng ch\u00e0o m\u1eebng b\u00e1c s\u0129 Dover<\/p>\n\n\n\n<p>C\u00e2u l\u1ea1c b\u1ed9 B\u00f3ng r\u1ed5 N\u1eef Kingston Knights<\/p>\n\n\n\n<p>Qu\u1ef9 Tr\u00e1i Tim v\u00e0 \u0110am M\u00ea<\/p>\n\n\n\n<p><\/p>\n<\/div>\n<\/div>\n<\/div><\/div><\/details><\/div>\n\n\n\n<div class=\"wp-block-ionata-accordion-block b-accordion\" data-auto-close=\"true\" data-is-animated=\"false\"><details class=\"b-accordion__container\"><summary class=\"b-accordion-head\"><h2 id=\"at-186511\" class=\"b-accordion-head__title\">2025<\/h2><i class=\"b-accordion-head__indicator\" aria-hidden=\"true\"><\/i><\/summary><div class=\"b-accordion-body\"><div id=\"ac-186511\" class=\"b-accordion-body__inner\">\n<div class=\"wp-block-columns is-layout-flex wp-container-core-columns-is-layout-2 wp-block-columns-is-layout-flex\">\n<div class=\"wp-block-column is-layout-flow wp-block-column-is-layout-flow\">\n<p>H\u1ed9i \u00dac-Nh\u1eadt B\u1ea3n Tasmania<\/p>\n\n\n\n<p>Hi\u1ec7p h\u1ed9i C\u00e2u c\u00e1 \u0110\u01b0\u1ee3c c\u1ea5p ph\u00e9p Tasmania ph\u00eda Nam<\/p>\n\n\n\n<p>C\u1ee9u H\u1ed9 Bi\u1ec3n Tasmania<\/p>\n\n\n\n<p>H\u1ed9i tr\u01b0\u1eddng V\u1ecbnh D\u00e2ng L\u00ean<\/p>\n\n\n\n<p>C\u00e2u l\u1ea1c b\u1ed9 Cricket Blackmans Bay<\/p>\n\n\n\n<p>Ng\u00e0y h\u1ed9i Tr\u00e0 S\u00e1ng L\u1edbn Nh\u1ea5t c\u1ee7a H\u1ed9i Ung Th\u01b0<\/p>\n\n\n\n<p>Dover Fun Run<\/p>\n\n\n\n<p>L\u1ec5 k\u1ef7 ni\u1ec7m 70 n\u0103m th\u00e0nh l\u1eadp Tr\u01b0\u1eddng Dover<\/p>\n\n\n\n<p>Sorell AFL Masters<\/p>\n\n\n\n<p>M\u1ea1ng l\u01b0\u1edbi Vi\u1ec7c l\u00e0m v\u00e0 \u0110\u00e0o t\u1ea1o Mi\u1ec1n Nam<\/p>\n\n\n\n<p>AFL Tas<\/p>\n\n\n\n<p>T\u1ed5 ch\u1ee9c Thanh ni\u00ean N\u00f4ng th\u00f4n<\/p>\n\n\n\n<p>\u0110\u1ed9i Masters N\u1eef Lindisfarne<\/p>\n\n\n\n<p>Chi nh\u00e1nh Esperence RSL<\/p>\n\n\n\n<p>Tr\u01b0\u1eddng Ti\u1ec3u h\u1ecdc Fairview<\/p>\n\n\n\n<p>X\u01a1 nang ph\u1ed5i Tasmania<\/p>\n\n\n\n<p>C\u00e2u l\u1ea1c b\u1ed9 Bowling Franklin<\/p>\n\n\n\n<p>C\u1ea7u th\u1ee7 c\u0169 Franklin<\/p>\n\n\n\n<p>\u0110\u1ed9i Cricket Hutchins First XI<\/p>\n\n\n\n<p>C\u00e2u l\u1ea1c b\u1ed9 S\u01b0 t\u1eed Huonville<\/p>\n<\/div>\n\n\n\n<div class=\"wp-block-column is-layout-flow wp-block-column-is-layout-flow\">\n<p>C\u00e2u l\u1ea1c b\u1ed9 C\u1ef1u Qu\u00e2n nh\u00e2n Geeveston<\/p>\n\n\n\n<p>Hi\u1ec7p h\u1ed9i Ph\u00e1t tri\u1ec3n Geeveston<\/p>\n\n\n\n<p>Cu\u1ed9c Thi Nh\u1ea3y Qu\u1ed1c Gia Dance Life Unite<\/p>\n\n\n\n<p>\u0110i d\u00e3 ngo\u1ea1i n\u00fai Lyell<\/p>\n\n\n\n<p>C\u00e2u l\u1ea1c b\u1ed9 Huon Pony \/ C\u00e2u l\u1ea1c b\u1ed9 Pony Tasmania<\/p>\n\n\n\n<p>Qu\u1ef9 Nghi\u00ean c\u1ee9u B\u1ec7nh vi\u1ec7n Ho\u00e0ng gia Hobart<\/p>\n\n\n\n<p>Hi\u1ec7p h\u1ed9i C\u00e2u c\u00e1 \u0111\u01b0\u1ee3c c\u1ea5p ph\u00e9p Huon<\/p>\n\n\n\n<p>Hi\u1ec7p h\u1ed9i Bowls Trong nh\u00e0 Tasmania Mi\u1ec1n B\u1eafc<\/p>\n\n\n\n<p>Tr\u01b0\u1eddng Trung h\u1ecdc Huonville<\/p>\n\n\n\n<p>H\u1ed9i C\u1ef1u H\u1ecdc Sinh B\u00f3ng \u0110\u00e1 Tr\u01b0\u1eddng Hutchins<\/p>\n\n\n\n<p>H\u1ed9i Ung th\u01b0 Ti\u1ebfp s\u1ee9c v\u00ec S\u1ef1 s\u1ed1ng<\/p>\n\n\n\n<p>Hi\u1ec7p h\u1ed9i Gi\u00e1o vi\u00ean Khoa h\u1ecdc Tasmania<\/p>\n\n\n\n<p>Ch\u1ed7 c\u1ee7a Jari<\/p>\n\n\n\n<p>B\u1eefa Tr\u01b0a Ch\u00e0o \u0110\u00f3n C\u00e1c B\u00e1c S\u0129 Dover<\/p>\n\n\n\n<p>C\u00e2u l\u1ea1c b\u1ed9 b\u00f3ng \u0111\u00e1 Cygnet<\/p>\n\n\n\n<p>Cygnet RSL Chi nh\u00e1nh<\/p>\n\n\n\n<p>Kingborough Gi\u00fap \u0111\u1ee1 m\u1ecdi ng\u01b0\u1eddi<\/p>\n\n\n\n<p>PanKind<\/p>\n<\/div>\n\n\n\n<div class=\"wp-block-column is-layout-flow wp-block-column-is-layout-flow\">\n<p>C\u00e2u l\u1ea1c b\u1ed9 Cricket Kingborough Knights<\/p>\n\n\n\n<p>C\u00e2u l\u1ea1c b\u1ed9 b\u00f3ng l\u01b0\u1edbi Kingston Blues<\/p>\n\n\n\n<p>Dave v\u00e0 Penny \u2013 Chu\u1ed3ng T\u00e1i T\u1ea1o Hoang D\u00e3<\/p>\n\n\n\n<p>C\u00e2u l\u1ea1c b\u1ed9 Cricket Richmond<\/p>\n\n\n\n<p>Geeveston Wheels trong C\u00f4ng vi\u00ean<\/p>\n\n\n\n<p>Nh\u00e0 Hutchins Thorold<\/p>\n\n\n\n<p>Bu\u1ed5i Tri\u1ec3n l\u00e3m Ngh\u1ec7 thu\u1eadt Geeveston<\/p>\n\n\n\n<p>Tr\u01b0\u1eddng Trung h\u1ecdc Ph\u00e2n hi\u1ec7u Rosebery<\/p>\n\n\n\n<p>K\u00eanh Men\u2019s Shed<\/p>\n\n\n\n<p>Ph\u1ee5 n\u1eef trong ng\u00e0nh th\u1ee7y s\u1ea3n \u00dac<\/p>\n\n\n\n<p>C\u00e2y Qu\u00e0 T\u1eb7ng ABC<\/p>\n\n\n\n<p>Tr\u00e1i Tim Th\u00e1nh<\/p>\n\n\n\n<p>C\u00e2u l\u1ea1c b\u1ed9 Thuy\u1ec1n bu\u1ed3m Port Huon<\/p>\n\n\n\n<p>D\u1ef1 \u00e1n M\u1edf r\u1ed9ng S\u00e2n tr\u01b0\u1ee3t v\u00e1n Alonnah Bay<\/p>\n\n\n\n<p>Beehive Playcentre Margate<\/p>\n\n\n\n<p>Trung t\u00e2m C\u1ed9ng \u0111\u1ed3ng Geeveston<\/p>\n\n\n\n<p>Ho\u00e0ng gia C\u1ee9u h\u1ed9 bay<\/p>\n\n\n\n<p>\u0110\u1ed9i C\u1ee9u H\u1ecfa Port Sorell<\/p>\n\n\n\n<p>Tr\u01b0\u1eddng H\u00e8 S\u00e2n kh\u1ea5u Hobart<\/p>\n\n\n\n<p>Tr\u01b0\u1eddng Ti\u1ec3u h\u1ecdc Glen Huon<\/p>\n<\/div>\n<\/div>\n<\/div><\/div><\/details><\/div>\n\n\n\n<div class=\"wp-block-ionata-accordion-block b-accordion\" data-auto-close=\"true\" data-is-animated=\"false\"><details class=\"b-accordion__container\"><summary class=\"b-accordion-head\"><h2 id=\"at-186512\" class=\"b-accordion-head__title\">2024<\/h2><i class=\"b-accordion-head__indicator\" aria-hidden=\"true\"><\/i><\/summary><div class=\"b-accordion-body\"><div id=\"ac-186512\" class=\"b-accordion-body__inner\">\n<div class=\"wp-block-columns is-layout-flex wp-container-core-columns-is-layout-3 wp-block-columns-is-layout-flex\">\n<div class=\"wp-block-column is-layout-flow wp-block-column-is-layout-flow\">\n<p>C\u00fap Huy\u1ec7n Bothwell<\/p>\n\n\n\n<p>Dover RSL<\/p>\n\n\n\n<p>C\u00e2u l\u1ea1c b\u1ed9 Bowling Franklin<\/p>\n\n\n\n<p>Tr\u01b0\u1eddng Calvin Christian<\/p>\n\n\n\n<p>\u0110\u01b0\u1eddng s\u1eaft V\u1ecbnh Ida<\/p>\n\n\n\n<p>Ngh\u1ec7 thu\u1eadt bi\u1ec3u di\u1ec5n c\u00f4ng nghi\u1ec7p<\/p>\n\n\n\n<p>Nh\u1eefng C\u00f4 G\u00e1i B\u01a1i L\u1ed9i \u0110\u1ea3o Bruny<\/p>\n\n\n\n<p>C\u00e2u l\u1ea1c b\u1ed9 b\u00f3ng l\u01b0\u1edbi Kingston Blues<\/p>\n\n\n\n<p>Ch\u0103m s\u00f3c gi\u1ea3m nh\u1eb9 Tasmania<\/p>\n\n\n\n<p>Cygnet RSL<\/p>\n\n\n\n<p>Khu v\u1ef1c b\u1ea3o t\u1ed3n \u0111\u1ed9ng v\u1eadt hoang d\u00e3 s\u00f4ng n\u00fai<\/p>\n\n\n\n<p>Ti\u1ebfng m\u00f3ng ng\u1ef1a Huon<\/p>\n\n\n\n<p>C\u00e2u l\u1ea1c b\u1ed9 l\u01b0\u1edbt v\u00e1n bu\u1ed3m Hobart<\/p>\n\n\n\n<p>Qu\u1ef9 T\u00e2m l\u00fd Outback<\/p>\n\n\n\n<p>Tr\u01b0\u1eddng Tim Thi\u00eang<\/p>\n\n\n\n<p>\u0110\u1ea3o Bruny SES<\/p>\n\n\n\n<p>C\u00e2u l\u1ea1c b\u1ed9 b\u00f3ng \u0111\u00e1 Cygnet<\/p>\n\n\n\n<p>Bruny Island Choppers<\/p>\n\n\n\n<p>Trung T\u00e2m Thuy\u1ec1n G\u1ed7<\/p>\n<\/div>\n\n\n\n<div class=\"wp-block-column is-layout-flow wp-block-column-is-layout-flow\">\n<p>Bodie Reading \u2013 tay \u0111ua rally Thung l\u0169ng Huon<\/p>\n\n\n\n<p>TasWater&nbsp;<\/p>\n\n\n\n<p>Dover Men\u2019s Shed<\/p>\n\n\n\n<p>Trung t\u00e2m H\u1ed7 tr\u1ee3 Ng\u01b0\u1eddi di c\u01b0<\/p>\n\n\n\n<p>Blaze 2024<\/p>\n\n\n\n<p>TQ25 Bi\u1ec3u di\u1ec5n c\u01b0\u1ee1i ng\u1ef1a<\/p>\n\n\n\n<p>C\u00e2u l\u1ea1c b\u1ed9 Huon Pony \/ C\u00e2u l\u1ea1c b\u1ed9 Pony Tasmania<\/p>\n\n\n\n<p>Qu\u1ef9 T\u00e2m l\u00fd Outback<\/p>\n\n\n\n<p>Daniel Shilcock \u2013 V\u1eadn \u0111\u1ed9ng vi\u00ean b\u01a1i l\u1ed9i \u1edf Huon Valley<\/p>\n\n\n\n<p>Grit Fitness Moonah<\/p>\n\n\n\n<p>Gi\u1ea3i V\u00f4 \u0111\u1ecbch Xe \u0111\u1ea9y<\/p>\n\n\n\n<p>Nh\u00e0 h\u00e1t Thung l\u0169ng Huon<\/p>\n\n\n\n<p>Sorell Super Jets<\/p>\n\n\n\n<p>\u0110i d\u00e3 ngo\u1ea1i n\u00fai Lyell<\/p>\n\n\n\n<p>C\u00e2u l\u1ea1c b\u1ed9 Thuy\u1ec1n bu\u1ed3m Port Esperance<\/p>\n\n\n\n<p>C\u00e2u l\u1ea1c b\u1ed9 Lions Huonville<\/p>\n\n\n\n<p>Nh\u00f3m B\u1ea3o t\u1ed3n C\u00e2y Thu\u1ed1c L\u00e1 \u0110en<\/p>\n\n\n\n<p>Tr\u01b0\u1eddng \u0110\u1ea3o Bruny<\/p>\n<\/div>\n\n\n\n<div class=\"wp-block-column is-layout-flow wp-block-column-is-layout-flow\">\n<p>Dover Fun Run<\/p>\n\n\n\n<p>C\u00e2u l\u1ea1c b\u1ed9 Lions Huonville<\/p>\n\n\n\n<p>C\u00e2u l\u1ea1c b\u1ed9 golf Geeveston<\/p>\n\n\n\n<p>Chase Hattinger \u2013 Gi\u1ea3i v\u00f4 \u0111\u1ecbch Nhu thu\u1eadt<\/p>\n\n\n\n<p>Ban Ch\u1ea5p h\u00e0nh Sassafras Hall<\/p>\n\n\n\n<p>\u1ee6y ban H\u1ed9i tr\u01b0\u1eddng V\u1ecbnh Surges<\/p>\n\n\n\n<p>Kingborough Gi\u00fap \u0111\u1ee1 m\u1ecdi ng\u01b0\u1eddi<\/p>\n\n\n\n<p>Bu\u1ed5i Ti\u1ec7c Tr\u01b0a G\u00e2y Qu\u1ef9 AFL<\/p>\n\n\n\n<p>C\u00e2u l\u1ea1c b\u1ed9 C\u1ee9u h\u1ed9 B\u00e3i bi\u1ec3n Kingston<\/p>\n\n\n\n<p>Nh\u00e0 M\u00e8o Tasmania<\/p>\n\n\n\n<p>C\u00e2u l\u1ea1c b\u1ed9 kh\u00fac c\u00f4n c\u1ea7u Strahan<\/p>\n\n\n\n<p>Geeveston Bowls Club<\/p>\n\n\n\n<p>Ng\u00e0y h\u1ed9i Tr\u00e0 S\u00e1ng L\u1edbn Nh\u1ea5t c\u1ee7a H\u1ed9i Ung Th\u01b0<\/p>\n\n\n\n<p>Regatta Hobart<\/p>\n\n\n\n<p>\u0110\u1ed9i Bi-a Geeveston<\/p>\n\n\n\n<p>Reclink Community Cup<\/p>\n\n\n\n<p>Tr\u01b0\u1eddng Ti\u1ec3u h\u1ecdc Huonville<\/p>\n\n\n\n<p>Hi\u1ec7p h\u1ed9i Ti\u1ebfn b\u1ed9 Port Huon<\/p>\n<\/div>\n<\/div>\n<\/div><\/div><\/details><\/div>\n\n\n\n<div class=\"wp-block-ionata-accordion-block b-accordion\" data-auto-close=\"true\" data-is-animated=\"false\"><details class=\"b-accordion__container\"><summary class=\"b-accordion-head\"><h2 id=\"at-186513\" class=\"b-accordion-head__title\">2023<\/h2><i class=\"b-accordion-head__indicator\" aria-hidden=\"true\"><\/i><\/summary><div class=\"b-accordion-body\"><div id=\"ac-186513\" class=\"b-accordion-body__inner\">\n<div class=\"wp-block-columns is-layout-flex wp-container-core-columns-is-layout-4 wp-block-columns-is-layout-flex\">\n<div class=\"wp-block-column is-layout-flow wp-block-column-is-layout-flow\">\n<p>Mt Lyell Strahan Picnic<\/p>\n\n\n\n<p>Derwent Mercantile Collegiate Rowing Club<\/p>\n\n\n\n<p>C\u00e2u l\u1ea1c b\u1ed9 golf Strahan<\/p>\n\n\n\n<p>Nh\u00e0 th\u1edd St. James, Cygnet<\/p>\n\n\n\n<p>C\u00e2u l\u1ea1c b\u1ed9 Gi\u1ea3i tr\u00ed Castle Forbes Bay<\/p>\n\n\n\n<p>C\u1ee9u Th\u1ebf Qu\u00e2n Huonville<\/p>\n\n\n\n<p>Kingborough Anglers<\/p>\n\n\n\n<p>T\u1ed5 ch\u1ee9c C\u1ee9u Th\u1ebf V\u00f9ng V\u1ecbnh Blackman<\/p>\n\n\n\n<p>H\u1ed9i \u0111ua thuy\u1ec1n Hobart<\/p>\n\n\n\n<p>C\u00f4ng vi\u00ean \u0110\u1ed9ng v\u1eadt Hoang d\u00e3 Trowunna<\/p>\n\n\n\n<p>Tr\u01b0\u1eddng h\u1ecdc Khu Dover<\/p>\n\n\n\n<p>Esperance RSL<\/p>\n\n\n\n<p>Tr\u01b0\u1eddng Ti\u1ec3u h\u1ecdc Franklin<\/p>\n\n\n\n<p>Li\u00ean minh C\u00e2u c\u00e1 Tasmania<\/p>\n\n\n\n<p>Kingborough Anglers<\/p>\n\n\n\n<p>C\u00e2u l\u1ea1c b\u1ed9 b\u00f3ng \u0111\u00e1 Cygnet<\/p>\n\n\n\n<p>T\u1ed5 ch\u1ee9c C\u1ee9u Th\u1ebf V\u00f9ng V\u1ecbnh Blackman<\/p>\n\n\n\n<p>Nh\u00f3m H\u00e0nh \u0111\u1ed9ng Dover v\u00e0oucester<\/p>\n\n\n\n<p>C\u00e2u l\u1ea1c b\u1ed9 Du thuy\u1ec1n Ho\u00e0ng gia Tas<\/p>\n\n\n\n<p>C\u00e2u l\u1ea1c b\u1ed9 golf Strahan<\/p>\n\n\n\n<p>Kingborough Gi\u00fap \u0111\u1ee1 m\u1ecdi ng\u01b0\u1eddi<\/p>\n\n\n\n<p>Ch\u0103m s\u00f3c Khu v\u1ef1c Huon<\/p>\n\n\n\n<p>Tr\u01b0\u1eddng Cao \u0111\u1eb3ng C\u00f4ng gi\u00e1o Th\u00e1nh Aloysius<\/p>\n\n\n\n<p>Hi\u1ec7p h\u1ed9i C\u1ed9ng \u0111\u1ed3ng \u0110\u1ea3o Bruny<\/p>\n\n\n\n<p>Ngh\u1ec7 thu\u1eadt Tasmania<\/p>\n<\/div>\n\n\n\n<div class=\"wp-block-column is-layout-flow wp-block-column-is-layout-flow\">\n<p>Kingborough Anglers<\/p>\n\n\n\n<p>C\u00e2u l\u1ea1c b\u1ed9 Ch\u00e8o thuy\u1ec1n Th\u01b0\u01a1ng m\u1ea1i Collegiate<\/p>\n\n\n\n<p>Tr\u01b0\u1eddng Ti\u1ec3u h\u1ecdc Huonville<\/p>\n\n\n\n<p>Ch\u00f3 v\u1ec1 nh\u00e0 Tasmania<\/p>\n\n\n\n<p>IMAS<\/p>\n\n\n\n<p>C\u00e1c c\u1ea7n th\u1ee7 c\u00f3 gi\u1ea5y ph\u00e9p \u1edf mi\u1ec1n nam Tasmania<\/p>\n\n\n\n<p>Tr\u01b0\u1eddng Ti\u1ec3u h\u1ecdc Fairview<\/p>\n\n\n\n<p>Tr\u01b0\u1eddng Ti\u1ec3u h\u1ecdc Strahan<\/p>\n\n\n\n<p>Qu\u1ea3ng c\u00e1o trang Facebook SFL<\/p>\n\n\n\n<p>C\u00e2u l\u1ea1c b\u1ed9 b\u00f3ng \u0111\u00e1 Sorell<\/p>\n\n\n\n<p>Tr\u01b0\u1eddng Trung h\u1ecdc Huonville<\/p>\n\n\n\n<p>Qu\u1ea3ng c\u00e1o trang Facebook SFL<\/p>\n\n\n\n<p>Qu\u1ea3ng c\u00e1o trang Facebook SFL<\/p>\n\n\n\n<p>H\u1ed9i Ph\u1ee5 huynh v\u00e0 B\u1ea1n b\u00e8 Tr\u01b0\u1eddng Ti\u1ec3u h\u1ecdc Westbury<\/p>\n\n\n\n<p>C\u00e2u l\u1ea1c b\u1ed9 Quy\u1ec1n anh Glenorchy<\/p>\n\n\n\n<p>Tr\u01b0\u1eddng C\u00f4ng gi\u00e1o Th\u00e1nh T\u00e2m<\/p>\n\n\n\n<p>C\u00e2u l\u1ea1c b\u1ed9 b\u00f3ng \u0111\u00e1 Cygnet<\/p>\n\n\n\n<p>\u0110\u1ea3ng Lao \u0111\u1ed9ng Tasmania<\/p>\n\n\n\n<p>T\u1eadp \u0111o\u00e0n Th\u1ed5 d\u00e2n \u0110\u00f4ng Nam Tasmania<\/p>\n\n\n\n<p>Hobart VIEW Club \u2013 \u0110\u1ea1i h\u1ed9i to\u00e0n qu\u1ed1c<\/p>\n\n\n\n<p>Trung t\u00e2m \u0110i\u1ec1n kinh Nh\u1ecf Kingborough<\/p>\n\n\n\n<p>X\u01a1 nang ph\u1ed5i Tasmania<\/p>\n\n\n\n<p>Gi\u1ea3i b\u00f3ng \u0111\u00e1 mi\u1ec1n Nam<\/p>\n\n\n\n<p>Ch\u1ea1y quy\u00ean g\u00f3p t\u1eeb thi\u1ec7n Huon \u2013 V\u00f2ng 1<\/p>\n\n\n\n<p>Tr\u01b0\u1eddng C\u00f4ng gi\u00e1o St Joseph (Queenstown) \u2013 \u0110\u00eam \u0111\u1ed1 vui<\/p>\n<\/div>\n\n\n\n<div class=\"wp-block-column is-layout-flow wp-block-column-is-layout-flow\">\n<p>Tr\u01b0\u1eddng C\u00f4ng gi\u00e1o Th\u00e1nh Giuse <\/p>\n\n\n\n<p>Tr\u01b0\u1eddng C\u00f4ng gi\u00e1o Th\u00e1nh Giuse (Queenstown) \u2013 Bu\u1ed5i x\u1ed5 s\u1ed1 cu\u1ed1i n\u0103m<\/p>\n\n\n\n<p>Helping Hand Kingborough \u2013 B\u00e1n v\u00e9 x\u1ed5 s\u1ed1 g\u00e2y qu\u1ef9<\/p>\n\n\n\n<p>\u0110i b\u1ed9 l\u00ean \u0111\u1ec9nh \u0111\u1ed3i<\/p>\n\n\n\n<p>X\u1ed5 s\u1ed1 c\u00e2u l\u1ea1c b\u1ed9 cricket Margate<\/p>\n\n\n\n<p>Ng\u00e0y M\u1edf C\u1eeda C\u00e2u L\u1ea1c B\u1ed9 Du Thuy\u1ec1n Port Huon<\/p>\n\n\n\n<p>Tri\u1ec3n l\u00e3m S\u1ee9c kh\u1ecfe &amp; H\u1ea1nh ph\u00fac Huon<\/p>\n\n\n\n<p>S\u1ef1 ki\u1ec7n T\u00e0i n\u0103ng Tas<\/p>\n\n\n\n<p>C\u00e2u c\u00e1 \u1edf Queenstown<\/p>\n<\/div>\n<\/div>\n<\/div><\/div><\/details><\/div>\n\n\n\n<p><\/p>\n\n\n\n<h4 class=\"wp-block-heading\"><\/h4>\n\n\n\n<div class=\"wp-block-columns is-layout-flex wp-container-core-columns-is-layout-5 wp-block-columns-is-layout-flex\">\n<div class=\"wp-block-column is-layout-flow wp-block-column-is-layout-flow\"><\/div>\n\n\n\n<div class=\"wp-block-column is-layout-flow wp-block-column-is-layout-flow\"><\/div>\n\n\n\n<div class=\"wp-block-column is-layout-flow wp-block-column-is-layout-flow\"><\/div>\n<\/div>\n\n\n\n<div class=\"wp-block-columns is-layout-flex wp-container-core-columns-is-layout-6 wp-block-columns-is-layout-flex\">\n<div class=\"wp-block-column is-layout-flow wp-block-column-is-layout-flow\" style=\"flex-basis:25%\"><\/div>\n\n\n\n<div class=\"wp-block-column is-layout-flow wp-block-column-is-layout-flow\" style=\"flex-basis:50%\"><\/div>\n\n\n\n<div class=\"wp-block-column is-layout-flow wp-block-column-is-layout-flow\" style=\"flex-basis:25%\"><\/div>\n<\/div>\n\n\n\n<p><\/p>","protected":false},"excerpt":{"rendered":"<p>Caring for Communities At Huon we\u2019re driven to make positive contributions to our local communities. We are committed to supporting a range of local community organisations, clubs, charities, schools and sporting groups. We aim to foster strong, positive relationships with the communities in which we operate. For more support inquires, contact us at&nbsp;community@huonaqua.com.au. Community Support&hellip;<\/p>","protected":false},"author":1,"featured_media":0,"parent":18645,"menu_order":25,"comment_status":"closed","ping_status":"closed","template":"","meta":{"_acf_changed":false,"footnotes":""},"class_list":["post-18651","page","type-page","status-publish","hentry"],"acf":[],"yoast_head":"<!-- This site is optimized with the Yoast SEO plugin v24.9 - https:\/\/yoast.com\/wordpress\/plugins\/seo\/ -->\n<title>Community Support - Huon Aqua<\/title>\n<meta name=\"robots\" content=\"index, follow, max-snippet:-1, max-image-preview:large, max-video-preview:-1\" \/>\n<link rel=\"canonical\" href=\"https:\/\/www.huonaqua.com.au\/vi\/community\/community-support\/\" \/>\n<meta property=\"og:locale\" content=\"vi_VN\" \/>\n<meta property=\"og:type\" content=\"article\" \/>\n<meta property=\"og:title\" content=\"Community Support - Huon Aqua\" \/>\n<meta property=\"og:description\" content=\"Caring for Communities At Huon we\u2019re driven to make positive contributions to our local communities. We are committed to supporting a range of local community organisations, clubs, charities, schools and sporting groups. We aim to foster strong, positive relationships with the communities in which we operate. For more support inquires, contact us at&nbsp;community@huonaqua.com.au. Community Support&hellip;\" \/>\n<meta property=\"og:url\" content=\"https:\/\/www.huonaqua.com.au\/vi\/community\/community-support\/\" \/>\n<meta property=\"og:site_name\" content=\"Huon Aqua\" \/>\n<meta property=\"article:modified_time\" content=\"2026-03-24T00:26:17+00:00\" \/>\n<meta name=\"twitter:card\" content=\"summary_large_image\" \/>\n<meta name=\"twitter:label1\" content=\"Est. reading time\" \/>\n\t<meta name=\"twitter:data1\" content=\"4 minutes\" \/>\n<script type=\"application\/ld+json\" class=\"yoast-schema-graph\">{\"@context\":\"https:\/\/schema.org\",\"@graph\":[{\"@type\":\"WebPage\",\"@id\":\"https:\/\/www.huonaqua.com.au\/community\/community-support\/\",\"url\":\"https:\/\/www.huonaqua.com.au\/community\/community-support\/\",\"name\":\"Community Support - Huon Aqua\",\"isPartOf\":{\"@id\":\"https:\/\/www.huonaqua.com.au\/#website\"},\"datePublished\":\"2024-08-29T22:50:50+00:00\",\"dateModified\":\"2026-03-24T00:26:17+00:00\",\"breadcrumb\":{\"@id\":\"https:\/\/www.huonaqua.com.au\/community\/community-support\/#breadcrumb\"},\"inLanguage\":\"vi\",\"potentialAction\":[{\"@type\":\"ReadAction\",\"target\":[\"https:\/\/www.huonaqua.com.au\/community\/community-support\/\"]}]},{\"@type\":\"BreadcrumbList\",\"@id\":\"https:\/\/www.huonaqua.com.au\/community\/community-support\/#breadcrumb\",\"itemListElement\":[{\"@type\":\"ListItem\",\"position\":1,\"name\":\"Home\",\"item\":\"https:\/\/www.huonaqua.com.au\/\"},{\"@type\":\"ListItem\",\"position\":2,\"name\":\"Community\",\"item\":\"https:\/\/www.huonaqua.com.au\/community\/\"},{\"@type\":\"ListItem\",\"position\":3,\"name\":\"Community Support\"}]},{\"@type\":\"WebSite\",\"@id\":\"https:\/\/www.huonaqua.com.au\/#website\",\"url\":\"https:\/\/www.huonaqua.com.au\/\",\"name\":\"Huon Aqua\",\"description\":\"Oceans Ahead. Always.\",\"potentialAction\":[{\"@type\":\"SearchAction\",\"target\":{\"@type\":\"EntryPoint\",\"urlTemplate\":\"https:\/\/www.huonaqua.com.au\/?s={search_term_string}\"},\"query-input\":{\"@type\":\"PropertyValueSpecification\",\"valueRequired\":true,\"valueName\":\"search_term_string\"}}],\"inLanguage\":\"vi\"}]}<\/script>\n<!-- \/ Yoast SEO plugin. -->","yoast_head_json":{"title":"Community Support - Huon Aqua","robots":{"index":"index","follow":"follow","max-snippet":"max-snippet:-1","max-image-preview":"max-image-preview:large","max-video-preview":"max-video-preview:-1"},"canonical":"https:\/\/www.huonaqua.com.au\/vi\/community\/community-support\/","og_locale":"vi_VN","og_type":"article","og_title":"Community Support - Huon Aqua","og_description":"Caring for Communities At Huon we\u2019re driven to make positive contributions to our local communities. We are committed to supporting a range of local community organisations, clubs, charities, schools and sporting groups. We aim to foster strong, positive relationships with the communities in which we operate. For more support inquires, contact us at&nbsp;community@huonaqua.com.au. Community Support&hellip;","og_url":"https:\/\/www.huonaqua.com.au\/vi\/community\/community-support\/","og_site_name":"Huon Aqua","article_modified_time":"2026-03-24T00:26:17+00:00","twitter_card":"summary_large_image","twitter_misc":{"Est. reading time":"4 minutes"},"schema":{"@context":"https:\/\/schema.org","@graph":[{"@type":"WebPage","@id":"https:\/\/www.huonaqua.com.au\/community\/community-support\/","url":"https:\/\/www.huonaqua.com.au\/community\/community-support\/","name":"Community Support - Huon Aqua","isPartOf":{"@id":"https:\/\/www.huonaqua.com.au\/#website"},"datePublished":"2024-08-29T22:50:50+00:00","dateModified":"2026-03-24T00:26:17+00:00","breadcrumb":{"@id":"https:\/\/www.huonaqua.com.au\/community\/community-support\/#breadcrumb"},"inLanguage":"vi","potentialAction":[{"@type":"ReadAction","target":["https:\/\/www.huonaqua.com.au\/community\/community-support\/"]}]},{"@type":"BreadcrumbList","@id":"https:\/\/www.huonaqua.com.au\/community\/community-support\/#breadcrumb","itemListElement":[{"@type":"ListItem","position":1,"name":"Home","item":"https:\/\/www.huonaqua.com.au\/"},{"@type":"ListItem","position":2,"name":"Community","item":"https:\/\/www.huonaqua.com.au\/community\/"},{"@type":"ListItem","position":3,"name":"Community Support"}]},{"@type":"WebSite","@id":"https:\/\/www.huonaqua.com.au\/#website","url":"https:\/\/www.huonaqua.com.au\/","name":"Huon Aqua","description":"Oceans Ahead. Always.","potentialAction":[{"@type":"SearchAction","target":{"@type":"EntryPoint","urlTemplate":"https:\/\/www.huonaqua.com.au\/?s={search_term_string}"},"query-input":{"@type":"PropertyValueSpecification","valueRequired":true,"valueName":"search_term_string"}}],"inLanguage":"vi"}]}},"_links":{"self":[{"href":"https:\/\/www.huonaqua.com.au\/vi\/wp-json\/wp\/v2\/pages\/18651","targetHints":{"allow":["GET"]}}],"collection":[{"href":"https:\/\/www.huonaqua.com.au\/vi\/wp-json\/wp\/v2\/pages"}],"about":[{"href":"https:\/\/www.huonaqua.com.au\/vi\/wp-json\/wp\/v2\/types\/page"}],"author":[{"embeddable":true,"href":"https:\/\/www.huonaqua.com.au\/vi\/wp-json\/wp\/v2\/users\/1"}],"replies":[{"embeddable":true,"href":"https:\/\/www.huonaqua.com.au\/vi\/wp-json\/wp\/v2\/comments?post=18651"}],"version-history":[{"count":36,"href":"https:\/\/www.huonaqua.com.au\/vi\/wp-json\/wp\/v2\/pages\/18651\/revisions"}],"predecessor-version":[{"id":19691,"href":"https:\/\/www.huonaqua.com.au\/vi\/wp-json\/wp\/v2\/pages\/18651\/revisions\/19691"}],"up":[{"embeddable":true,"href":"https:\/\/www.huonaqua.com.au\/vi\/wp-json\/wp\/v2\/pages\/18645"}],"wp:attachment":[{"href":"https:\/\/www.huonaqua.com.au\/vi\/wp-json\/wp\/v2\/media?parent=18651"}],"curies":[{"name":"wp","href":"https:\/\/api.w.org\/{rel}","templated":true}]}}