{"id":18653,"date":"2024-08-30T08:51:34","date_gmt":"2024-08-29T22:51:34","guid":{"rendered":"https:\/\/www.huonaqua.com.au\/?page_id=18653"},"modified":"2025-08-01T14:15:07","modified_gmt":"2025-08-01T04:15:07","slug":"donations","status":"publish","type":"page","link":"https:\/\/www.huonaqua.com.au\/vi\/community\/donations\/","title":{"rendered":"Quy\u00ean g\u00f3p"},"content":{"rendered":"<p class=\"has-text-align-center\" style=\"font-size:30px\">Huon quy\u00ean g\u00f3p c\u00e1 h\u1ed3i phi l\u00ea t\u01b0\u01a1i cho nh\u1eefng ng\u01b0\u1eddi c\u00f3 ho\u00e0n c\u1ea3nh kh\u00f3 kh\u0103n tr\u00ean kh\u1eafp mi\u1ec1n nam Tasmania.<\/p>\n\n\n\n<p class=\"has-text-align-center\" style=\"font-size:22px\">Huon t\u1ef1 h\u00e0o h\u1ee3p t\u00e1c v\u1edbi 12 t\u1ed5 ch\u1ee9c cung c\u1ea5p th\u1ef1c ph\u1ea9m kh\u1ea9n c\u1ea5p, v\u1edbi nh\u1eefng t\u00ecnh nguy\u1ec7n vi\u00ean tuy\u1ec7t v\u1eddi c\u1ee7a h\u1ecd \u0111\u00e3 h\u1ed7 tr\u1ee3 ph\u00e2n ph\u1ed1i h\u00e0ng ng\u00e0n kg c\u00e1 h\u1ed3i cho c\u1ed9ng \u0111\u1ed3ng m\u1ed7i n\u0103m. S\u00e1ng ki\u1ebfn n\u00e0y cung c\u1ea5p ngu\u1ed3n protein thi\u1ebft y\u1ebfu cho nh\u1eefng ng\u01b0\u1eddi \u0111ang g\u1eb7p kh\u00f3 kh\u0103n trong vi\u1ec7c ti\u1ebfp c\u1eadn th\u1ef1c ph\u1ea9m.<\/p>","protected":false},"excerpt":{"rendered":"<p>Huon provides donations of fresh salmon fillets to people in need across southern Tasmania. Huon proudly partners with 12 emergency food relief providers, whose amazing volunteers facilitate the distribution of thousands of kilograms of salmon throughout the community each year. This initiative provides vital protein supplies for people struggling to access food.<\/p>","protected":false},"author":1,"featured_media":0,"parent":18645,"menu_order":26,"comment_status":"closed","ping_status":"closed","template":"templates\/flexible-content.php","meta":{"_acf_changed":false,"footnotes":""},"class_list":["post-18653","page","type-page","status-publish","hentry"],"acf":[],"yoast_head":"<!-- This site is optimized with the Yoast SEO plugin v24.9 - https:\/\/yoast.com\/wordpress\/plugins\/seo\/ -->\n<title>Donations - Huon Aqua<\/title>\n<meta name=\"robots\" content=\"index, follow, max-snippet:-1, max-image-preview:large, max-video-preview:-1\" \/>\n<link rel=\"canonical\" href=\"https:\/\/www.huonaqua.com.au\/vi\/community\/donations\/\" \/>\n<meta property=\"og:locale\" content=\"vi_VN\" \/>\n<meta property=\"og:type\" content=\"article\" \/>\n<meta property=\"og:title\" content=\"Donations - Huon Aqua\" \/>\n<meta property=\"og:description\" content=\"Huon provides donations of fresh salmon fillets to people in need across southern Tasmania. Huon proudly partners with 12 emergency food relief providers, whose amazing volunteers facilitate the distribution of thousands of kilograms of salmon throughout the community each year. This initiative provides vital protein supplies for people struggling to access food.\" \/>\n<meta property=\"og:url\" content=\"https:\/\/www.huonaqua.com.au\/vi\/community\/donations\/\" \/>\n<meta property=\"og:site_name\" content=\"Huon Aqua\" \/>\n<meta property=\"article:modified_time\" content=\"2025-08-01T04:15:07+00:00\" \/>\n<meta name=\"twitter:card\" content=\"summary_large_image\" \/>\n<meta name=\"twitter:label1\" content=\"Est. reading time\" \/>\n\t<meta name=\"twitter:data1\" content=\"1 minute\" \/>\n<script type=\"application\/ld+json\" class=\"yoast-schema-graph\">{\"@context\":\"https:\/\/schema.org\",\"@graph\":[{\"@type\":\"WebPage\",\"@id\":\"https:\/\/www.huonaqua.com.au\/community\/donations\/\",\"url\":\"https:\/\/www.huonaqua.com.au\/community\/donations\/\",\"name\":\"Donations - Huon Aqua\",\"isPartOf\":{\"@id\":\"https:\/\/www.huonaqua.com.au\/#website\"},\"datePublished\":\"2024-08-29T22:51:34+00:00\",\"dateModified\":\"2025-08-01T04:15:07+00:00\",\"breadcrumb\":{\"@id\":\"https:\/\/www.huonaqua.com.au\/community\/donations\/#breadcrumb\"},\"inLanguage\":\"vi\",\"potentialAction\":[{\"@type\":\"ReadAction\",\"target\":[\"https:\/\/www.huonaqua.com.au\/community\/donations\/\"]}]},{\"@type\":\"BreadcrumbList\",\"@id\":\"https:\/\/www.huonaqua.com.au\/community\/donations\/#breadcrumb\",\"itemListElement\":[{\"@type\":\"ListItem\",\"position\":1,\"name\":\"Home\",\"item\":\"https:\/\/www.huonaqua.com.au\/\"},{\"@type\":\"ListItem\",\"position\":2,\"name\":\"Community\",\"item\":\"https:\/\/www.huonaqua.com.au\/community\/\"},{\"@type\":\"ListItem\",\"position\":3,\"name\":\"Donations\"}]},{\"@type\":\"WebSite\",\"@id\":\"https:\/\/www.huonaqua.com.au\/#website\",\"url\":\"https:\/\/www.huonaqua.com.au\/\",\"name\":\"Huon Aqua\",\"description\":\"Oceans Ahead. Always.\",\"potentialAction\":[{\"@type\":\"SearchAction\",\"target\":{\"@type\":\"EntryPoint\",\"urlTemplate\":\"https:\/\/www.huonaqua.com.au\/?s={search_term_string}\"},\"query-input\":{\"@type\":\"PropertyValueSpecification\",\"valueRequired\":true,\"valueName\":\"search_term_string\"}}],\"inLanguage\":\"vi\"}]}<\/script>\n<!-- \/ Yoast SEO plugin. -->","yoast_head_json":{"title":"Donations - Huon Aqua","robots":{"index":"index","follow":"follow","max-snippet":"max-snippet:-1","max-image-preview":"max-image-preview:large","max-video-preview":"max-video-preview:-1"},"canonical":"https:\/\/www.huonaqua.com.au\/vi\/community\/donations\/","og_locale":"vi_VN","og_type":"article","og_title":"Donations - Huon Aqua","og_description":"Huon provides donations of fresh salmon fillets to people in need across southern Tasmania. Huon proudly partners with 12 emergency food relief providers, whose amazing volunteers facilitate the distribution of thousands of kilograms of salmon throughout the community each year. This initiative provides vital protein supplies for people struggling to access food.","og_url":"https:\/\/www.huonaqua.com.au\/vi\/community\/donations\/","og_site_name":"Huon Aqua","article_modified_time":"2025-08-01T04:15:07+00:00","twitter_card":"summary_large_image","twitter_misc":{"Est. reading time":"1 minute"},"schema":{"@context":"https:\/\/schema.org","@graph":[{"@type":"WebPage","@id":"https:\/\/www.huonaqua.com.au\/community\/donations\/","url":"https:\/\/www.huonaqua.com.au\/community\/donations\/","name":"Donations - Huon Aqua","isPartOf":{"@id":"https:\/\/www.huonaqua.com.au\/#website"},"datePublished":"2024-08-29T22:51:34+00:00","dateModified":"2025-08-01T04:15:07+00:00","breadcrumb":{"@id":"https:\/\/www.huonaqua.com.au\/community\/donations\/#breadcrumb"},"inLanguage":"vi","potentialAction":[{"@type":"ReadAction","target":["https:\/\/www.huonaqua.com.au\/community\/donations\/"]}]},{"@type":"BreadcrumbList","@id":"https:\/\/www.huonaqua.com.au\/community\/donations\/#breadcrumb","itemListElement":[{"@type":"ListItem","position":1,"name":"Home","item":"https:\/\/www.huonaqua.com.au\/"},{"@type":"ListItem","position":2,"name":"Community","item":"https:\/\/www.huonaqua.com.au\/community\/"},{"@type":"ListItem","position":3,"name":"Donations"}]},{"@type":"WebSite","@id":"https:\/\/www.huonaqua.com.au\/#website","url":"https:\/\/www.huonaqua.com.au\/","name":"Huon Aqua","description":"Oceans Ahead. Always.","potentialAction":[{"@type":"SearchAction","target":{"@type":"EntryPoint","urlTemplate":"https:\/\/www.huonaqua.com.au\/?s={search_term_string}"},"query-input":{"@type":"PropertyValueSpecification","valueRequired":true,"valueName":"search_term_string"}}],"inLanguage":"vi"}]}},"_links":{"self":[{"href":"https:\/\/www.huonaqua.com.au\/vi\/wp-json\/wp\/v2\/pages\/18653","targetHints":{"allow":["GET"]}}],"collection":[{"href":"https:\/\/www.huonaqua.com.au\/vi\/wp-json\/wp\/v2\/pages"}],"about":[{"href":"https:\/\/www.huonaqua.com.au\/vi\/wp-json\/wp\/v2\/types\/page"}],"author":[{"embeddable":true,"href":"https:\/\/www.huonaqua.com.au\/vi\/wp-json\/wp\/v2\/users\/1"}],"replies":[{"embeddable":true,"href":"https:\/\/www.huonaqua.com.au\/vi\/wp-json\/wp\/v2\/comments?post=18653"}],"version-history":[{"count":6,"href":"https:\/\/www.huonaqua.com.au\/vi\/wp-json\/wp\/v2\/pages\/18653\/revisions"}],"predecessor-version":[{"id":19137,"href":"https:\/\/www.huonaqua.com.au\/vi\/wp-json\/wp\/v2\/pages\/18653\/revisions\/19137"}],"up":[{"embeddable":true,"href":"https:\/\/www.huonaqua.com.au\/vi\/wp-json\/wp\/v2\/pages\/18645"}],"wp:attachment":[{"href":"https:\/\/www.huonaqua.com.au\/vi\/wp-json\/wp\/v2\/media?parent=18653"}],"curies":[{"name":"wp","href":"https:\/\/api.w.org\/{rel}","templated":true}]}}