{"id":19664,"date":"2026-03-24T11:29:59","date_gmt":"2026-03-24T00:29:59","guid":{"rendered":"https:\/\/www.huonaqua.com.au\/?page_id=19664"},"modified":"2026-04-15T16:10:07","modified_gmt":"2026-04-15T06:10:07","slug":"community-newsletter-2","status":"publish","type":"page","link":"https:\/\/www.huonaqua.com.au\/vi\/community\/community-newsletter-2\/","title":{"rendered":"B\u1ea3n tin C\u1ed9ng \u0111\u1ed3ng"},"content":{"rendered":"<h4 class=\"wp-block-heading has-text-align-left\">Th\u00f4ng b\u00e1o cho c\u1ed9ng \u0111\u1ed3ng c\u1ee7a ch\u00fang ta<\/h4>\n\n\n\n<p>T\u1ea1i Huon, ch\u00fang t\u00f4i coi tr\u1ecdng s\u1ef1 minh b\u1ea1ch v\u00e0 cam k\u1ebft cung c\u1ea5p th\u00f4ng tin t\u1ed1t h\u01a1n cho c\u1ed9ng \u0111\u1ed3ng v\u1ec1 c\u00e1c ho\u1ea1t \u0111\u1ed9ng nu\u00f4i tr\u1ed3ng c\u1ee7a ch\u00fang t\u00f4i c\u0169ng nh\u01b0 vi\u1ec7c tu\u00e2n th\u1ee7 c\u00e1c quy \u0111\u1ecbnh nghi\u00eam ng\u1eb7t v\u1ec1 m\u00f4i tr\u01b0\u1eddng. B\u1ea3n tin n\u00e0y l\u00e0 m\u1ed9t b\u01b0\u1edbc ti\u1ebfn n\u1eefa trong n\u1ed7 l\u1ef1c kh\u00f4ng ng\u1eebng c\u1ee7a ch\u00fang t\u00f4i nh\u1eb1m cung c\u1ea5p c\u00e1i nh\u00ecn s\u00e2u s\u1eafc h\u01a1n v\u1ec1 c\u00e1ch ch\u00fang t\u00f4i nu\u00f4i tr\u1ed3ng.<\/p>\n\n\n\n<div class=\"wp-block-ionata-accordion-block b-accordion\"><details class=\"b-accordion__container\"><summary class=\"b-accordion-head\"><h2 id=\"at-196642\" class=\"b-accordion-head__title\">S\u1ed1 th\u00e1ng T\u01b0<\/h2><i class=\"b-accordion-head__indicator\" aria-hidden=\"true\"><\/i><\/summary><div class=\"b-accordion-body\"><div id=\"ac-196642\" class=\"b-accordion-body__inner\">\n\n<div data-wp-interactive=\"core\/file\" class=\"wp-block-file\"><object data-wp-bind--hidden=\"!state.hasPdfPreview\" hidden class=\"wp-block-file__embed\" data=\"https:\/\/huonaqua-com-au.assets.ionatahosting.net\/uploads\/2026\/04\/April-Community-Newsletter-1.pdf\" type=\"application\/pdf\" style=\"width:100%;height:549px\" aria-label=\"Embed of April Community Newsletter.\"><\/object><a id=\"wp-block-file--media-64c2ed41-019c-4867-bc69-a829db54eeb9\" href=\"https:\/\/huonaqua-com-au.assets.ionatahosting.net\/uploads\/2026\/04\/April-Community-Newsletter-1.pdf\">B\u1ea3n tin C\u1ed9ng \u0111\u1ed3ng Th\u00e1ng T\u01b0<\/a><a href=\"https:\/\/huonaqua-com-au.assets.ionatahosting.net\/uploads\/2026\/04\/April-Community-Newsletter-1.pdf\" class=\"wp-block-file__button wp-element-button\" download aria-describedby=\"wp-block-file--media-64c2ed41-019c-4867-bc69-a829db54eeb9\">T\u1ea3i xu\u1ed1ng<\/a><\/div>\n\n<\/div><\/div><\/details><\/div>\n\n\n\n<p><\/p>","protected":false},"excerpt":{"rendered":"<p>Informing our Communities At Huon, we value transparency and are committed to better informing the community about our farming practices and compliance with strict environmental regulations. This newsletter is another step in our ongoing effort to provide greater insight into how we farm.<\/p>","protected":false},"author":53,"featured_media":0,"parent":18645,"menu_order":1,"comment_status":"closed","ping_status":"closed","template":"","meta":{"_acf_changed":false,"footnotes":""},"class_list":["post-19664","page","type-page","status-publish","hentry"],"acf":[],"yoast_head":"<!-- This site is optimized with the Yoast SEO plugin v24.9 - https:\/\/yoast.com\/wordpress\/plugins\/seo\/ -->\n<title>Community Newsletter - Huon Aqua<\/title>\n<meta name=\"robots\" content=\"index, follow, max-snippet:-1, max-image-preview:large, max-video-preview:-1\" \/>\n<link rel=\"canonical\" href=\"https:\/\/www.huonaqua.com.au\/vi\/community\/community-newsletter-2\/\" \/>\n<meta property=\"og:locale\" content=\"vi_VN\" \/>\n<meta property=\"og:type\" content=\"article\" \/>\n<meta property=\"og:title\" content=\"Community Newsletter - Huon Aqua\" \/>\n<meta property=\"og:description\" content=\"Informing our Communities At Huon, we value transparency and are committed to better informing the community about our farming practices and compliance with strict environmental regulations. This newsletter is another step in our ongoing effort to provide greater insight into how we farm.\" \/>\n<meta property=\"og:url\" content=\"https:\/\/www.huonaqua.com.au\/vi\/community\/community-newsletter-2\/\" \/>\n<meta property=\"og:site_name\" content=\"Huon Aqua\" \/>\n<meta property=\"article:modified_time\" content=\"2026-04-15T06:10:07+00:00\" \/>\n<meta name=\"twitter:card\" content=\"summary_large_image\" \/>\n<meta name=\"twitter:label1\" content=\"Est. reading time\" \/>\n\t<meta name=\"twitter:data1\" content=\"1 minute\" \/>\n<script type=\"application\/ld+json\" class=\"yoast-schema-graph\">{\"@context\":\"https:\/\/schema.org\",\"@graph\":[{\"@type\":\"WebPage\",\"@id\":\"https:\/\/www.huonaqua.com.au\/community\/community-newsletter-2\/\",\"url\":\"https:\/\/www.huonaqua.com.au\/community\/community-newsletter-2\/\",\"name\":\"Community Newsletter - Huon Aqua\",\"isPartOf\":{\"@id\":\"https:\/\/www.huonaqua.com.au\/#website\"},\"datePublished\":\"2026-03-24T00:29:59+00:00\",\"dateModified\":\"2026-04-15T06:10:07+00:00\",\"breadcrumb\":{\"@id\":\"https:\/\/www.huonaqua.com.au\/community\/community-newsletter-2\/#breadcrumb\"},\"inLanguage\":\"vi\",\"potentialAction\":[{\"@type\":\"ReadAction\",\"target\":[\"https:\/\/www.huonaqua.com.au\/community\/community-newsletter-2\/\"]}]},{\"@type\":\"BreadcrumbList\",\"@id\":\"https:\/\/www.huonaqua.com.au\/community\/community-newsletter-2\/#breadcrumb\",\"itemListElement\":[{\"@type\":\"ListItem\",\"position\":1,\"name\":\"Home\",\"item\":\"https:\/\/www.huonaqua.com.au\/\"},{\"@type\":\"ListItem\",\"position\":2,\"name\":\"Community\",\"item\":\"https:\/\/www.huonaqua.com.au\/community\/\"},{\"@type\":\"ListItem\",\"position\":3,\"name\":\"Community Newsletter\"}]},{\"@type\":\"WebSite\",\"@id\":\"https:\/\/www.huonaqua.com.au\/#website\",\"url\":\"https:\/\/www.huonaqua.com.au\/\",\"name\":\"Huon Aqua\",\"description\":\"Oceans Ahead. Always.\",\"potentialAction\":[{\"@type\":\"SearchAction\",\"target\":{\"@type\":\"EntryPoint\",\"urlTemplate\":\"https:\/\/www.huonaqua.com.au\/?s={search_term_string}\"},\"query-input\":{\"@type\":\"PropertyValueSpecification\",\"valueRequired\":true,\"valueName\":\"search_term_string\"}}],\"inLanguage\":\"vi\"}]}<\/script>\n<!-- \/ Yoast SEO plugin. -->","yoast_head_json":{"title":"Community Newsletter - Huon Aqua","robots":{"index":"index","follow":"follow","max-snippet":"max-snippet:-1","max-image-preview":"max-image-preview:large","max-video-preview":"max-video-preview:-1"},"canonical":"https:\/\/www.huonaqua.com.au\/vi\/community\/community-newsletter-2\/","og_locale":"vi_VN","og_type":"article","og_title":"Community Newsletter - Huon Aqua","og_description":"Informing our Communities At Huon, we value transparency and are committed to better informing the community about our farming practices and compliance with strict environmental regulations. This newsletter is another step in our ongoing effort to provide greater insight into how we farm.","og_url":"https:\/\/www.huonaqua.com.au\/vi\/community\/community-newsletter-2\/","og_site_name":"Huon Aqua","article_modified_time":"2026-04-15T06:10:07+00:00","twitter_card":"summary_large_image","twitter_misc":{"Est. reading time":"1 minute"},"schema":{"@context":"https:\/\/schema.org","@graph":[{"@type":"WebPage","@id":"https:\/\/www.huonaqua.com.au\/community\/community-newsletter-2\/","url":"https:\/\/www.huonaqua.com.au\/community\/community-newsletter-2\/","name":"Community Newsletter - Huon Aqua","isPartOf":{"@id":"https:\/\/www.huonaqua.com.au\/#website"},"datePublished":"2026-03-24T00:29:59+00:00","dateModified":"2026-04-15T06:10:07+00:00","breadcrumb":{"@id":"https:\/\/www.huonaqua.com.au\/community\/community-newsletter-2\/#breadcrumb"},"inLanguage":"vi","potentialAction":[{"@type":"ReadAction","target":["https:\/\/www.huonaqua.com.au\/community\/community-newsletter-2\/"]}]},{"@type":"BreadcrumbList","@id":"https:\/\/www.huonaqua.com.au\/community\/community-newsletter-2\/#breadcrumb","itemListElement":[{"@type":"ListItem","position":1,"name":"Home","item":"https:\/\/www.huonaqua.com.au\/"},{"@type":"ListItem","position":2,"name":"Community","item":"https:\/\/www.huonaqua.com.au\/community\/"},{"@type":"ListItem","position":3,"name":"Community Newsletter"}]},{"@type":"WebSite","@id":"https:\/\/www.huonaqua.com.au\/#website","url":"https:\/\/www.huonaqua.com.au\/","name":"Huon Aqua","description":"Oceans Ahead. Always.","potentialAction":[{"@type":"SearchAction","target":{"@type":"EntryPoint","urlTemplate":"https:\/\/www.huonaqua.com.au\/?s={search_term_string}"},"query-input":{"@type":"PropertyValueSpecification","valueRequired":true,"valueName":"search_term_string"}}],"inLanguage":"vi"}]}},"_links":{"self":[{"href":"https:\/\/www.huonaqua.com.au\/vi\/wp-json\/wp\/v2\/pages\/19664","targetHints":{"allow":["GET"]}}],"collection":[{"href":"https:\/\/www.huonaqua.com.au\/vi\/wp-json\/wp\/v2\/pages"}],"about":[{"href":"https:\/\/www.huonaqua.com.au\/vi\/wp-json\/wp\/v2\/types\/page"}],"author":[{"embeddable":true,"href":"https:\/\/www.huonaqua.com.au\/vi\/wp-json\/wp\/v2\/users\/53"}],"replies":[{"embeddable":true,"href":"https:\/\/www.huonaqua.com.au\/vi\/wp-json\/wp\/v2\/comments?post=19664"}],"version-history":[{"count":8,"href":"https:\/\/www.huonaqua.com.au\/vi\/wp-json\/wp\/v2\/pages\/19664\/revisions"}],"predecessor-version":[{"id":19692,"href":"https:\/\/www.huonaqua.com.au\/vi\/wp-json\/wp\/v2\/pages\/19664\/revisions\/19692"}],"up":[{"embeddable":true,"href":"https:\/\/www.huonaqua.com.au\/vi\/wp-json\/wp\/v2\/pages\/18645"}],"wp:attachment":[{"href":"https:\/\/www.huonaqua.com.au\/vi\/wp-json\/wp\/v2\/media?parent=19664"}],"curies":[{"name":"wp","href":"https:\/\/api.w.org\/{rel}","templated":true}]}}