{"id":220,"date":"2024-04-15T03:16:10","date_gmt":"2024-04-15T03:16:10","guid":{"rendered":"https:\/\/www.huonaqua.com.au\/?page_id=220"},"modified":"2025-06-11T10:33:00","modified_gmt":"2025-06-11T00:33:00","slug":"sustainability","status":"publish","type":"page","link":"https:\/\/www.huonaqua.com.au\/vi\/sustainability\/","title":{"rendered":"B\u1ec1n v\u1eefng"},"content":{"rendered":"<h2 class=\"wp-block-heading\">Cho h\u00f4m nay v\u00e0 m\u00e3i m\u00e3i v\u1ec1 sau<\/h2>\n\n\n\n<p>B\u1ec1n v\u1eefng lu\u00f4n l\u00e0 tr\u1ecdng t\u00e2m trong ho\u1ea1t \u0111\u1ed9ng c\u1ee7a ch\u00fang t\u00f4i t\u1ea1i Huon. Ch\u00fang t\u00f4i t\u1ef1 h\u00e0o v\u1edbi l\u1ecbch s\u1eed ti\u00ean phong trong ng\u00e0nh nu\u00f4i tr\u1ed3ng th\u1ee7y s\u1ea3n, d\u1eabn \u0111\u1ea7u v\u1edbi nh\u1eefng \u0111\u1ed5i m\u1edbi trong m\u1ecdi kh\u00eda c\u1ea1nh kinh doanh c\u1ee7a m\u00ecnh\u2014t\u1eeb t\u00e1i ch\u1ebf ch\u1ea5t th\u1ea3i h\u1eefu c\u01a1 v\u00e0 s\u1ea3n ph\u1ea9m ph\u1ee5, \u0111\u1ebfn ph\u00e1t tri\u1ec3n c\u00f4ng ngh\u1ec7 \u0111o\u1ea1t gi\u1ea3i gi\u00fap gi\u1ea3m thi\u1ec3u l\u00e3ng ph\u00ed th\u1ee9c \u0103n cho c\u00e1.<\/p>","protected":false},"excerpt":{"rendered":"<p>For today, and always Sustainability has always been at the heart of our operations at Huon. We have a proud history as pioneers of aquaculture, leading the way with innovations across every part of our business\u2014from upcycling our organic waste and by-products, to developing award-winning technology that minimises fish feed waste.<\/p>","protected":false},"author":1,"featured_media":0,"parent":0,"menu_order":45,"comment_status":"closed","ping_status":"closed","template":"templates\/flexible-content.php","meta":{"_acf_changed":false,"footnotes":""},"class_list":["post-220","page","type-page","status-publish","hentry"],"acf":[],"yoast_head":"<!-- This site is optimized with the Yoast SEO plugin v24.9 - https:\/\/yoast.com\/wordpress\/plugins\/seo\/ -->\n<title>Sustainability - Huon Aqua<\/title>\n<meta name=\"robots\" content=\"index, follow, max-snippet:-1, max-image-preview:large, max-video-preview:-1\" \/>\n<link rel=\"canonical\" href=\"https:\/\/www.huonaqua.com.au\/vi\/sustainability\/\" \/>\n<meta property=\"og:locale\" content=\"vi_VN\" \/>\n<meta property=\"og:type\" content=\"article\" \/>\n<meta property=\"og:title\" content=\"Sustainability - Huon Aqua\" \/>\n<meta property=\"og:description\" content=\"For today, and always Sustainability has always been at the heart of our operations at Huon. We have a proud history as pioneers of aquaculture, leading the way with innovations across every part of our business\u2014from upcycling our organic waste and by-products, to developing award-winning technology that minimises fish feed waste.\" \/>\n<meta property=\"og:url\" content=\"https:\/\/www.huonaqua.com.au\/vi\/sustainability\/\" \/>\n<meta property=\"og:site_name\" content=\"Huon Aqua\" \/>\n<meta property=\"article:modified_time\" content=\"2025-06-11T00:33:00+00:00\" \/>\n<meta name=\"twitter:card\" content=\"summary_large_image\" \/>\n<meta name=\"twitter:label1\" content=\"Est. reading time\" \/>\n\t<meta name=\"twitter:data1\" content=\"1 minute\" \/>\n<script type=\"application\/ld+json\" class=\"yoast-schema-graph\">{\"@context\":\"https:\/\/schema.org\",\"@graph\":[{\"@type\":\"WebPage\",\"@id\":\"https:\/\/www.huonaqua.com.au\/sustainability\/\",\"url\":\"https:\/\/www.huonaqua.com.au\/sustainability\/\",\"name\":\"Sustainability - Huon Aqua\",\"isPartOf\":{\"@id\":\"https:\/\/www.huonaqua.com.au\/#website\"},\"datePublished\":\"2024-04-15T03:16:10+00:00\",\"dateModified\":\"2025-06-11T00:33:00+00:00\",\"breadcrumb\":{\"@id\":\"https:\/\/www.huonaqua.com.au\/sustainability\/#breadcrumb\"},\"inLanguage\":\"vi\",\"potentialAction\":[{\"@type\":\"ReadAction\",\"target\":[\"https:\/\/www.huonaqua.com.au\/sustainability\/\"]}]},{\"@type\":\"BreadcrumbList\",\"@id\":\"https:\/\/www.huonaqua.com.au\/sustainability\/#breadcrumb\",\"itemListElement\":[{\"@type\":\"ListItem\",\"position\":1,\"name\":\"Home\",\"item\":\"https:\/\/www.huonaqua.com.au\/\"},{\"@type\":\"ListItem\",\"position\":2,\"name\":\"Sustainability\"}]},{\"@type\":\"WebSite\",\"@id\":\"https:\/\/www.huonaqua.com.au\/#website\",\"url\":\"https:\/\/www.huonaqua.com.au\/\",\"name\":\"Huon Aqua\",\"description\":\"Oceans Ahead. Always.\",\"potentialAction\":[{\"@type\":\"SearchAction\",\"target\":{\"@type\":\"EntryPoint\",\"urlTemplate\":\"https:\/\/www.huonaqua.com.au\/?s={search_term_string}\"},\"query-input\":{\"@type\":\"PropertyValueSpecification\",\"valueRequired\":true,\"valueName\":\"search_term_string\"}}],\"inLanguage\":\"vi\"}]}<\/script>\n<!-- \/ Yoast SEO plugin. -->","yoast_head_json":{"title":"Sustainability - Huon Aqua","robots":{"index":"index","follow":"follow","max-snippet":"max-snippet:-1","max-image-preview":"max-image-preview:large","max-video-preview":"max-video-preview:-1"},"canonical":"https:\/\/www.huonaqua.com.au\/vi\/sustainability\/","og_locale":"vi_VN","og_type":"article","og_title":"Sustainability - Huon Aqua","og_description":"For today, and always Sustainability has always been at the heart of our operations at Huon. We have a proud history as pioneers of aquaculture, leading the way with innovations across every part of our business\u2014from upcycling our organic waste and by-products, to developing award-winning technology that minimises fish feed waste.","og_url":"https:\/\/www.huonaqua.com.au\/vi\/sustainability\/","og_site_name":"Huon Aqua","article_modified_time":"2025-06-11T00:33:00+00:00","twitter_card":"summary_large_image","twitter_misc":{"Est. reading time":"1 minute"},"schema":{"@context":"https:\/\/schema.org","@graph":[{"@type":"WebPage","@id":"https:\/\/www.huonaqua.com.au\/sustainability\/","url":"https:\/\/www.huonaqua.com.au\/sustainability\/","name":"Sustainability - Huon Aqua","isPartOf":{"@id":"https:\/\/www.huonaqua.com.au\/#website"},"datePublished":"2024-04-15T03:16:10+00:00","dateModified":"2025-06-11T00:33:00+00:00","breadcrumb":{"@id":"https:\/\/www.huonaqua.com.au\/sustainability\/#breadcrumb"},"inLanguage":"vi","potentialAction":[{"@type":"ReadAction","target":["https:\/\/www.huonaqua.com.au\/sustainability\/"]}]},{"@type":"BreadcrumbList","@id":"https:\/\/www.huonaqua.com.au\/sustainability\/#breadcrumb","itemListElement":[{"@type":"ListItem","position":1,"name":"Home","item":"https:\/\/www.huonaqua.com.au\/"},{"@type":"ListItem","position":2,"name":"Sustainability"}]},{"@type":"WebSite","@id":"https:\/\/www.huonaqua.com.au\/#website","url":"https:\/\/www.huonaqua.com.au\/","name":"Huon Aqua","description":"Oceans Ahead. Always.","potentialAction":[{"@type":"SearchAction","target":{"@type":"EntryPoint","urlTemplate":"https:\/\/www.huonaqua.com.au\/?s={search_term_string}"},"query-input":{"@type":"PropertyValueSpecification","valueRequired":true,"valueName":"search_term_string"}}],"inLanguage":"vi"}]}},"_links":{"self":[{"href":"https:\/\/www.huonaqua.com.au\/vi\/wp-json\/wp\/v2\/pages\/220","targetHints":{"allow":["GET"]}}],"collection":[{"href":"https:\/\/www.huonaqua.com.au\/vi\/wp-json\/wp\/v2\/pages"}],"about":[{"href":"https:\/\/www.huonaqua.com.au\/vi\/wp-json\/wp\/v2\/types\/page"}],"author":[{"embeddable":true,"href":"https:\/\/www.huonaqua.com.au\/vi\/wp-json\/wp\/v2\/users\/1"}],"replies":[{"embeddable":true,"href":"https:\/\/www.huonaqua.com.au\/vi\/wp-json\/wp\/v2\/comments?post=220"}],"version-history":[{"count":43,"href":"https:\/\/www.huonaqua.com.au\/vi\/wp-json\/wp\/v2\/pages\/220\/revisions"}],"predecessor-version":[{"id":19101,"href":"https:\/\/www.huonaqua.com.au\/vi\/wp-json\/wp\/v2\/pages\/220\/revisions\/19101"}],"wp:attachment":[{"href":"https:\/\/www.huonaqua.com.au\/vi\/wp-json\/wp\/v2\/media?parent=220"}],"curies":[{"name":"wp","href":"https:\/\/api.w.org\/{rel}","templated":true}]}}