{"id":273,"date":"2024-04-16T22:53:33","date_gmt":"2024-04-16T22:53:33","guid":{"rendered":"https:\/\/www.huonaqua.com.au\/?page_id=273"},"modified":"2025-07-15T08:44:47","modified_gmt":"2025-07-14T22:44:47","slug":"why-huon","status":"publish","type":"page","link":"https:\/\/www.huonaqua.com.au\/vi\/careers\/why-huon\/","title":{"rendered":"T\u1ea1i sao Huon"},"content":{"rendered":"<p>H\u00e3y tham gia m\u1ed9t \u0111\u1ed9i ng\u0169 chuy\u00ean gia \u0111\u1ea7y nhi\u1ec7t huy\u1ebft, l\u00e0m vi\u1ec7c \u1edf tuy\u1ebfn \u0111\u1ea7u v\u1ec1 nu\u00f4i tr\u1ed3ng th\u1ee7y s\u1ea3n b\u1ec1n v\u1eefng. Tr\u00ean kh\u1eafp n\u01b0\u1edbc \u00dac, Huon tuy\u1ec3n d\u1ee5ng h\u01a1n 1.000 ng\u01b0\u1eddi v\u1edbi nhi\u1ec1u v\u1ecb tr\u00ed kh\u00e1c nhau. Bao g\u1ed3m c\u00e1c \u0111\u1ed9i ng\u0169 tr\u1ef1c ti\u1ebfp t\u1ea1i c\u00e1c ho\u1ea1t \u0111\u1ed9ng nu\u00f4i tr\u1ed3ng b\u1ec1n v\u1eefng c\u1ee7a ch\u00fang t\u00f4i, n\u01a1i ch\u00fang t\u00f4i nu\u00f4i d\u01b0\u1ee1ng, ch\u0103m s\u00f3c v\u00e0 ch\u1ebf bi\u1ebfn c\u00e1 h\u1ed3i; c\u0169ng nh\u01b0 \u0111\u1ed9i ng\u0169 b\u00e1n h\u00e0ng to\u00e0n c\u1ea7u v\u00e0 nh\u00e2n vi\u00ean v\u0103n ph\u00f2ng t\u1ea1i Tasmania, nh\u1eefng ng\u01b0\u1eddi c\u00f9ng nhau th\u00fac \u0111\u1ea9y vi\u1ec7c theo \u0111u\u1ed5i s\u1ef1 xu\u1ea5t s\u1eafc c\u1ee7a ch\u00fang t\u00f4i.<\/p>\n\n\n\n<figure class=\"wp-block-embed is-type-video is-provider-youtube wp-block-embed-youtube wp-embed-aspect-16-9 wp-has-aspect-ratio\"><div class=\"wp-block-embed__wrapper\">\n<div class=\"ratio ratio-16x9\"><iframe loading=\"lazy\" title=\"Ch\u1ee9ng ch\u1ec9 3 Nu\u00f4i tr\u1ed3ng th\u1ee7y s\u1ea3n - ch\u00fang t\u00f4i h\u1ed7 tr\u1ee3 b\u1ea1n h\u1ecdc t\u1eadp\" width=\"500\" height=\"281\" src=\"https:\/\/www.youtube.com\/embed\/RdWWMXeFLN0?feature=oembed\" frameborder=\"0\" allow=\"accelerometer; autoplay; clipboard-write; encrypted-media; gyroscope; picture-in-picture; web-share\" referrerpolicy=\"strict-origin-when-cross-origin\" allowfullscreen><\/iframe><\/div>\n<\/div><\/figure>","protected":false},"excerpt":{"rendered":"<p>Join a passionate team of experts working at the forefront of sustainable aquaculture. Around Australia, Huon employs more than 1,000 people across a range of roles. This includes front-line teams in our sustainable farming operations who grow, care for and process our salmon; as well as a global sales team and Tasmanian corporate staff who,&hellip;<\/p>","protected":false},"author":1,"featured_media":0,"parent":217,"menu_order":41,"comment_status":"closed","ping_status":"closed","template":"templates\/huon-story.php","meta":{"_acf_changed":false,"footnotes":""},"class_list":["post-273","page","type-page","status-publish","hentry"],"acf":[],"yoast_head":"<!-- This site is optimized with the Yoast SEO plugin v24.9 - https:\/\/yoast.com\/wordpress\/plugins\/seo\/ -->\n<title>Why Huon - Huon Aqua<\/title>\n<meta name=\"robots\" content=\"index, follow, max-snippet:-1, max-image-preview:large, max-video-preview:-1\" \/>\n<link rel=\"canonical\" href=\"https:\/\/www.huonaqua.com.au\/vi\/careers\/why-huon\/\" \/>\n<meta property=\"og:locale\" content=\"vi_VN\" \/>\n<meta property=\"og:type\" content=\"article\" \/>\n<meta property=\"og:title\" content=\"Why Huon - Huon Aqua\" \/>\n<meta property=\"og:description\" content=\"Join a passionate team of experts working at the forefront of sustainable aquaculture. Around Australia, Huon employs more than 1,000 people across a range of roles. This includes front-line teams in our sustainable farming operations who grow, care for and process our salmon; as well as a global sales team and Tasmanian corporate staff who,&hellip;\" \/>\n<meta property=\"og:url\" content=\"https:\/\/www.huonaqua.com.au\/vi\/careers\/why-huon\/\" \/>\n<meta property=\"og:site_name\" content=\"Huon Aqua\" \/>\n<meta property=\"article:modified_time\" content=\"2025-07-14T22:44:47+00:00\" \/>\n<meta name=\"twitter:card\" content=\"summary_large_image\" \/>\n<meta name=\"twitter:label1\" content=\"Est. reading time\" \/>\n\t<meta name=\"twitter:data1\" content=\"1 minute\" \/>\n<script type=\"application\/ld+json\" class=\"yoast-schema-graph\">{\"@context\":\"https:\/\/schema.org\",\"@graph\":[{\"@type\":\"WebPage\",\"@id\":\"https:\/\/www.huonaqua.com.au\/careers\/why-huon\/\",\"url\":\"https:\/\/www.huonaqua.com.au\/careers\/why-huon\/\",\"name\":\"Why Huon - Huon Aqua\",\"isPartOf\":{\"@id\":\"https:\/\/www.huonaqua.com.au\/#website\"},\"datePublished\":\"2024-04-16T22:53:33+00:00\",\"dateModified\":\"2025-07-14T22:44:47+00:00\",\"breadcrumb\":{\"@id\":\"https:\/\/www.huonaqua.com.au\/careers\/why-huon\/#breadcrumb\"},\"inLanguage\":\"vi\",\"potentialAction\":[{\"@type\":\"ReadAction\",\"target\":[\"https:\/\/www.huonaqua.com.au\/careers\/why-huon\/\"]}]},{\"@type\":\"BreadcrumbList\",\"@id\":\"https:\/\/www.huonaqua.com.au\/careers\/why-huon\/#breadcrumb\",\"itemListElement\":[{\"@type\":\"ListItem\",\"position\":1,\"name\":\"Home\",\"item\":\"https:\/\/www.huonaqua.com.au\/\"},{\"@type\":\"ListItem\",\"position\":2,\"name\":\"Join Us\",\"item\":\"https:\/\/www.huonaqua.com.au\/careers\/\"},{\"@type\":\"ListItem\",\"position\":3,\"name\":\"Why Huon\"}]},{\"@type\":\"WebSite\",\"@id\":\"https:\/\/www.huonaqua.com.au\/#website\",\"url\":\"https:\/\/www.huonaqua.com.au\/\",\"name\":\"Huon Aqua\",\"description\":\"Oceans Ahead. Always.\",\"potentialAction\":[{\"@type\":\"SearchAction\",\"target\":{\"@type\":\"EntryPoint\",\"urlTemplate\":\"https:\/\/www.huonaqua.com.au\/?s={search_term_string}\"},\"query-input\":{\"@type\":\"PropertyValueSpecification\",\"valueRequired\":true,\"valueName\":\"search_term_string\"}}],\"inLanguage\":\"vi\"}]}<\/script>\n<!-- \/ Yoast SEO plugin. -->","yoast_head_json":{"title":"Why Huon - Huon Aqua","robots":{"index":"index","follow":"follow","max-snippet":"max-snippet:-1","max-image-preview":"max-image-preview:large","max-video-preview":"max-video-preview:-1"},"canonical":"https:\/\/www.huonaqua.com.au\/vi\/careers\/why-huon\/","og_locale":"vi_VN","og_type":"article","og_title":"Why Huon - Huon Aqua","og_description":"Join a passionate team of experts working at the forefront of sustainable aquaculture. Around Australia, Huon employs more than 1,000 people across a range of roles. This includes front-line teams in our sustainable farming operations who grow, care for and process our salmon; as well as a global sales team and Tasmanian corporate staff who,&hellip;","og_url":"https:\/\/www.huonaqua.com.au\/vi\/careers\/why-huon\/","og_site_name":"Huon Aqua","article_modified_time":"2025-07-14T22:44:47+00:00","twitter_card":"summary_large_image","twitter_misc":{"Est. reading time":"1 minute"},"schema":{"@context":"https:\/\/schema.org","@graph":[{"@type":"WebPage","@id":"https:\/\/www.huonaqua.com.au\/careers\/why-huon\/","url":"https:\/\/www.huonaqua.com.au\/careers\/why-huon\/","name":"Why Huon - Huon Aqua","isPartOf":{"@id":"https:\/\/www.huonaqua.com.au\/#website"},"datePublished":"2024-04-16T22:53:33+00:00","dateModified":"2025-07-14T22:44:47+00:00","breadcrumb":{"@id":"https:\/\/www.huonaqua.com.au\/careers\/why-huon\/#breadcrumb"},"inLanguage":"vi","potentialAction":[{"@type":"ReadAction","target":["https:\/\/www.huonaqua.com.au\/careers\/why-huon\/"]}]},{"@type":"BreadcrumbList","@id":"https:\/\/www.huonaqua.com.au\/careers\/why-huon\/#breadcrumb","itemListElement":[{"@type":"ListItem","position":1,"name":"Home","item":"https:\/\/www.huonaqua.com.au\/"},{"@type":"ListItem","position":2,"name":"Join Us","item":"https:\/\/www.huonaqua.com.au\/careers\/"},{"@type":"ListItem","position":3,"name":"Why Huon"}]},{"@type":"WebSite","@id":"https:\/\/www.huonaqua.com.au\/#website","url":"https:\/\/www.huonaqua.com.au\/","name":"Huon Aqua","description":"Oceans Ahead. Always.","potentialAction":[{"@type":"SearchAction","target":{"@type":"EntryPoint","urlTemplate":"https:\/\/www.huonaqua.com.au\/?s={search_term_string}"},"query-input":{"@type":"PropertyValueSpecification","valueRequired":true,"valueName":"search_term_string"}}],"inLanguage":"vi"}]}},"_links":{"self":[{"href":"https:\/\/www.huonaqua.com.au\/vi\/wp-json\/wp\/v2\/pages\/273","targetHints":{"allow":["GET"]}}],"collection":[{"href":"https:\/\/www.huonaqua.com.au\/vi\/wp-json\/wp\/v2\/pages"}],"about":[{"href":"https:\/\/www.huonaqua.com.au\/vi\/wp-json\/wp\/v2\/types\/page"}],"author":[{"embeddable":true,"href":"https:\/\/www.huonaqua.com.au\/vi\/wp-json\/wp\/v2\/users\/1"}],"replies":[{"embeddable":true,"href":"https:\/\/www.huonaqua.com.au\/vi\/wp-json\/wp\/v2\/comments?post=273"}],"version-history":[{"count":4,"href":"https:\/\/www.huonaqua.com.au\/vi\/wp-json\/wp\/v2\/pages\/273\/revisions"}],"predecessor-version":[{"id":19107,"href":"https:\/\/www.huonaqua.com.au\/vi\/wp-json\/wp\/v2\/pages\/273\/revisions\/19107"}],"up":[{"embeddable":true,"href":"https:\/\/www.huonaqua.com.au\/vi\/wp-json\/wp\/v2\/pages\/217"}],"wp:attachment":[{"href":"https:\/\/www.huonaqua.com.au\/vi\/wp-json\/wp\/v2\/media?parent=273"}],"curies":[{"name":"wp","href":"https:\/\/api.w.org\/{rel}","templated":true}]}}