{"id":295,"date":"2024-04-17T03:48:09","date_gmt":"2024-04-17T03:48:09","guid":{"rendered":"https:\/\/www.huonaqua.com.au\/?page_id=295"},"modified":"2025-07-31T10:02:22","modified_gmt":"2025-07-31T00:02:22","slug":"contact-us","status":"publish","type":"page","link":"https:\/\/www.huonaqua.com.au\/vi\/contact-us\/","title":{"rendered":"Li\u00ean h\u1ec7 v\u1edbi ch\u00fang t\u00f4i"},"content":{"rendered":"<p>Ch\u00fang t\u00f4i r\u1ea5t mong nh\u1eadn \u0111\u01b0\u1ee3c ph\u1ea3n h\u1ed3i t\u1eeb qu\u00fd kh\u00e1ch h\u00e0ng v\u00e0 c\u1ed9ng \u0111\u1ed3ng. Ch\u00fang t\u00f4i tr\u00e2n tr\u1ecdng m\u1ecdi l\u1eddi khen v\u00e0 \u00fd ki\u1ebfn \u0111\u00f3ng g\u00f3p c\u1ee7a qu\u00fd v\u1ecb, v\u00ec ph\u1ea3n h\u1ed3i c\u1ee7a qu\u00fd v\u1ecb gi\u00fap \u0111\u1ed9i ng\u0169 c\u1ee7a ch\u00fang t\u00f4i kh\u00f4ng ng\u1eebng c\u1ea3i thi\u1ec7n.<\/p>\n\n\n\n<div class=\"wp-block-ionata-accordion-block b-accordion\" data-auto-close=\"true\"><details class=\"b-accordion__container\"><summary class=\"b-accordion-head\"><h2 id=\"at-2950\" class=\"b-accordion-head__title\">Tr\u1ee5 s\u1edf ch\u00ednh<\/h2><i class=\"b-accordion-head__indicator\" aria-hidden=\"true\"><\/i><\/summary><div class=\"b-accordion-body\"><div id=\"ac-2950\" class=\"b-accordion-body__inner\">\n\n<p><strong>Huon Aquaculture<\/strong><\/p>\n\n\n<p>T\u1ea7ng 12, 188 \u0110\u01b0\u1eddng Collins, Hobart, TAS 7000<\/p>\n\n\n<p><strong>\u0110i\u1ec7n tho\u1ea1i<\/strong><br>+61 3 6295 8111<\/p>\n\n\n<p><strong>Email<\/strong><br><a href=\"mailto:huonaqua@huonaqua.com.au\">huonaqua@huonaqua.com.au<\/a><\/p>\n\n<\/div><\/div><\/details><\/div>\n\n\n\n<div class=\"wp-block-ionata-accordion-block b-accordion\" data-auto-close=\"true\"><details class=\"b-accordion__container\"><summary class=\"b-accordion-head\"><h2 id=\"at-2951\" class=\"b-accordion-head__title\">C\u00f4ng v\u0103n<\/h2><i class=\"b-accordion-head__indicator\" aria-hidden=\"true\"><\/i><\/summary><div class=\"b-accordion-body\"><div id=\"ac-2951\" class=\"b-accordion-body__inner\">\n\n<p><strong>Huon Aquaculture<\/strong><\/p>\n\n\n<p>Huon Aquaculture&nbsp;<br>GPO H\u1ed9p 987<br>Hobart, Tas 7001<\/p>\n\n\n<p><\/p>\n\n\n<p><\/p>\n\n<\/div><\/div><\/details><\/div>\n\n\n\n<div class=\"wp-block-ionata-accordion-block b-accordion\" data-auto-close=\"true\"><details class=\"b-accordion__container\"><summary class=\"b-accordion-head\"><h2 id=\"at-2952\" class=\"b-accordion-head__title\">Truy\u1ec1n th\u00f4ng y\u00eau c\u1ea7u<\/h2><i class=\"b-accordion-head__indicator\" aria-hidden=\"true\"><\/i><\/summary><div class=\"b-accordion-body\"><div id=\"ac-2952\" class=\"b-accordion-body__inner\">\n\n<p><strong>Huon Aquaculture<\/strong><\/p>\n\n\n<p>T\u1ea7ng 12, 188 \u0110\u01b0\u1eddng Collins, Hobart, TAS 7000<\/p>\n\n\n<p><\/p>\n\n\n<p><strong>Email<\/strong><br><a href=\"mailto:communications@huonaqua.com.au\">communications@huonaqua.com.au<\/a><\/p>\n\n<\/div><\/div><\/details><\/div>\n\n\n\n<div class=\"wp-block-ionata-accordion-block b-accordion\" data-auto-close=\"true\"><details class=\"b-accordion__container\"><summary class=\"b-accordion-head\"><h2 id=\"at-2953\" class=\"b-accordion-head__title\">Y\u00eau c\u1ea7u D\u1ecbch v\u1ee5 Kh\u00e1ch h\u00e0ng<\/h2><i class=\"b-accordion-head__indicator\" aria-hidden=\"true\"><\/i><\/summary><div class=\"b-accordion-body\"><div id=\"ac-2953\" class=\"b-accordion-body__inner\">\n\n<p><strong>Huon Aquaculture<\/strong><\/p>\n\n\n<p>T\u1ea7ng 12, 188 \u0110\u01b0\u1eddng Collins, Hobart, TAS 7000<\/p>\n\n\n<p><strong>\u0110i\u1ec7n tho\u1ea1i<\/strong><br>1800 651 409<\/p>\n\n\n<p><strong>Email<\/strong><br><a href=\"mailto:customerservice@huonaqua.com.au\">customerservice@huonaqua.com.au<\/a><\/p>\n\n<\/div><\/div><\/details><\/div>\n\n\n\n<div class=\"wp-block-ionata-accordion-block b-accordion\" data-auto-close=\"true\"><details class=\"b-accordion__container\"><summary class=\"b-accordion-head\"><h2 id=\"at-2954\" class=\"b-accordion-head__title\">C\u01a1 h\u1ed9i vi\u1ec7c l\u00e0m<\/h2><i class=\"b-accordion-head__indicator\" aria-hidden=\"true\"><\/i><\/summary><div class=\"b-accordion-body\"><div id=\"ac-2954\" class=\"b-accordion-body__inner\">\n\n<p><strong>Huon Aquaculture<\/strong><\/p>\n\n\n<p>V\u0103n ph\u00f2ng Hobart<br>T\u1ea7ng 12, 188 \u0110\u01b0\u1eddng Collins, Hobart, TAS 7000<\/p>\n\n\n<p>\u0110i\u1ec7n tho\u1ea1i: +61 3 6239 4200<\/p>\n\n\n<p><strong>Email<\/strong><br><a href=\"mailto:talent@huonaqua.com.au\" target=\"_blank\" rel=\"noreferrer noopener\">talent@huonaqua.com.au<\/a><\/p>\n\n<\/div><\/div><\/details><\/div>\n\n\n\n<div class=\"wp-block-ionata-accordion-block b-accordion\" data-auto-close=\"true\"><details class=\"b-accordion__container\"><summary class=\"b-accordion-head\"><h2 id=\"at-2955\" class=\"b-accordion-head__title\">H\u1ecfi \u0111\u00e1p c\u1ed9ng \u0111\u1ed3ng<\/h2><i class=\"b-accordion-head__indicator\" aria-hidden=\"true\"><\/i><\/summary><div class=\"b-accordion-body\"><div id=\"ac-2955\" class=\"b-accordion-body__inner\">\n\n<p>T\u1ea7ng 12, 188 Collins Street<br>Hobart, TAS 7000<\/p>\n\n\n<p><a href=\"mailto:community@huonaqua.com.au\">community@huonaqua.com.au<\/a><\/p>\n\n<\/div><\/div><\/details><\/div>\n\n\n\n<div class=\"wp-block-ionata-accordion-block b-accordion\" data-auto-close=\"true\"><details class=\"b-accordion__container\"><summary class=\"b-accordion-head\"><h2 id=\"at-2956\" class=\"b-accordion-head__title\">\u0110i\u1ec1u kho\u1ea3n v\u00e0 \u0110i\u1ec1u ki\u1ec7n c\u1ee7a Con n\u1ee3<\/h2><i class=\"b-accordion-head__indicator\" aria-hidden=\"true\"><\/i><\/summary><div class=\"b-accordion-body\"><div id=\"ac-2956\" class=\"b-accordion-body__inner\">\n\n<p>C\u00e1c \u0110i\u1ec1u kho\u1ea3n v\u00e0 \u0110i\u1ec1u ki\u1ec7n \/ Ch\u00ednh s\u00e1ch c\u1ee7a ng\u01b0\u1eddi vay c\u00f3 th\u1ec3 \u0111\u01b0\u1ee3c y\u00eau c\u1ea7u b\u1eb1ng c\u00e1ch g\u1eedi email t\u1edbi:<\/p>\n\n\n<p><a href=\"mailto:accountsreceivabe@huonaqua.com.au\" target=\"_blank\" rel=\"noreferrer noopener\">accountsreceivable@huonaqua.com.au<\/a><\/p>\n\n<\/div><\/div><\/details><\/div>\n\n\n\n<div class=\"wp-block-ionata-accordion-block b-accordion\" data-auto-close=\"true\"><details class=\"b-accordion__container\"><summary class=\"b-accordion-head\"><h2 id=\"at-2957\" class=\"b-accordion-head__title\">Ch\u00ednh s\u00e1ch b\u1ea3o m\u1eadt<\/h2><i class=\"b-accordion-head__indicator\" aria-hidden=\"true\"><\/i><\/summary><div class=\"b-accordion-body\"><div id=\"ac-2957\" class=\"b-accordion-body__inner\">\n\n<p>Ch\u00ednh s\u00e1ch B\u1ea3o m\u1eadt c\u00f3 th\u1ec3 \u0111\u01b0\u1ee3c g\u1eedi y\u00eau c\u1ea7u b\u1eb1ng c\u00e1ch g\u1eedi email \u0111\u1ebfn:<\/p>\n\n\n<p><a href=\"mailto:privacy@huonaqua.com.au\" target=\"_blank\" rel=\"noreferrer noopener\">privacy@huonaqua.com.au<\/a><\/p>\n\n<p>Ch\u00ednh s\u00e1ch B\u1ea3o m\u1eadt c\u1ee7a ch\u00fang t\u00f4i c\u0169ng c\u00f3 th\u1ec3 truy c\u1eadp t\u1eeb trang web JBS Australia:<\/p>\n\n<p><a href=\"https:\/\/jbsfoodsgroup.com\/privacy-policy\" target=\"_blank\" rel=\"noreferrer noopener\">Ch\u00ednh s\u00e1ch B\u1ea3o m\u1eadt To\u00e0n c\u1ea7u c\u1ee7a JBS<\/a><\/p>\n\n<\/div><\/div><\/details><\/div>\n\n\n\n<div class=\"wp-block-ionata-accordion-block b-accordion\" data-auto-close=\"true\" data-is-animated=\"false\"><details class=\"b-accordion__container\"><summary class=\"b-accordion-head\"><h2 id=\"at-2950\" class=\"b-accordion-head__title\">Tri\u1ec3n l\u00e3m v\u00e0 Th\u1eafc m\u1eafc c\u1ee7a tr\u01b0\u1eddng h\u1ecdc<\/h2><i class=\"b-accordion-head__indicator\" aria-hidden=\"true\"><\/i><\/summary><div class=\"b-accordion-body\"><div id=\"ac-2950\" class=\"b-accordion-body__inner\">\n<p>C\u00e1c y\u00eau c\u1ea7u v\u1ec1 tri\u1ec3n l\u00e3m v\u00e0 tr\u01b0\u1eddng h\u1ecdc c\u00f3 th\u1ec3 \u0111\u01b0\u1ee3c th\u1ef1c hi\u1ec7n b\u1eb1ng c\u00e1ch \u0111i\u1ec1n v\u00e0o bi\u1ec3u m\u1eabu d\u01b0\u1edbi \u0111\u00e2y:<\/p>\n\n\n\n<p><a href=\"https:\/\/forms.office.com\/pages\/responsepage.aspx?id=ohm2yIMI3kGElYXJY6BXUlbeHBiDcwRBhmnL3kkkOTlURE1ETjlYNjc0QTlMTkVCSTNaOERFTlVMSy4u&amp;route=shorturl\">Bi\u1ec3u m\u1eabu Li\u00ean h\u1ec7 Tri\u1ec3n l\u00e3m v\u00e0 Tr\u01b0\u1eddng h\u1ecdc<\/a><\/p>\n<\/div><\/div><\/details><\/div>","protected":false},"excerpt":{"rendered":"<p>Ch\u00fang t\u00f4i r\u1ea5t mong nh\u1eadn \u0111\u01b0\u1ee3c ph\u1ea3n h\u1ed3i t\u1eeb qu\u00fd kh\u00e1ch h\u00e0ng v\u00e0 c\u1ed9ng \u0111\u1ed3ng. Ch\u00fang t\u00f4i tr\u00e2n tr\u1ecdng m\u1ecdi l\u1eddi khen v\u00e0 \u00fd ki\u1ebfn \u0111\u00f3ng g\u00f3p c\u1ee7a qu\u00fd v\u1ecb, v\u00ec ph\u1ea3n h\u1ed3i c\u1ee7a qu\u00fd v\u1ecb gi\u00fap \u0111\u1ed9i ng\u0169 c\u1ee7a ch\u00fang t\u00f4i kh\u00f4ng ng\u1eebng c\u1ea3i thi\u1ec7n.<\/p>","protected":false},"author":1,"featured_media":0,"parent":0,"menu_order":33,"comment_status":"closed","ping_status":"closed","template":"","meta":{"_acf_changed":false,"footnotes":""},"class_list":["post-295","page","type-page","status-publish","hentry"],"acf":[],"yoast_head":"<!-- This site is optimized with the Yoast SEO plugin v24.9 - https:\/\/yoast.com\/wordpress\/plugins\/seo\/ -->\n<title>Contact us - Huon Aqua<\/title>\n<meta name=\"robots\" content=\"index, follow, max-snippet:-1, max-image-preview:large, max-video-preview:-1\" \/>\n<link rel=\"canonical\" href=\"https:\/\/www.huonaqua.com.au\/vi\/contact-us\/\" \/>\n<meta property=\"og:locale\" content=\"vi_VN\" \/>\n<meta property=\"og:type\" content=\"article\" \/>\n<meta property=\"og:title\" content=\"Contact us - Huon Aqua\" \/>\n<meta property=\"og:description\" content=\"We love hearing from our customers and the wider community so please get in touch with us. We value everyone\u2019s compliments and comments, as your feedback helps our team continually improve.\" \/>\n<meta property=\"og:url\" content=\"https:\/\/www.huonaqua.com.au\/vi\/contact-us\/\" \/>\n<meta property=\"og:site_name\" content=\"Huon Aqua\" \/>\n<meta property=\"article:modified_time\" content=\"2025-07-31T00:02:22+00:00\" \/>\n<meta name=\"twitter:card\" content=\"summary_large_image\" \/>\n<meta name=\"twitter:label1\" content=\"Est. reading time\" \/>\n\t<meta name=\"twitter:data1\" content=\"1 minute\" \/>\n<script type=\"application\/ld+json\" class=\"yoast-schema-graph\">{\"@context\":\"https:\/\/schema.org\",\"@graph\":[{\"@type\":\"WebPage\",\"@id\":\"https:\/\/www.huonaqua.com.au\/contact-us\/\",\"url\":\"https:\/\/www.huonaqua.com.au\/contact-us\/\",\"name\":\"Contact us - Huon Aqua\",\"isPartOf\":{\"@id\":\"https:\/\/www.huonaqua.com.au\/#website\"},\"datePublished\":\"2024-04-17T03:48:09+00:00\",\"dateModified\":\"2025-07-31T00:02:22+00:00\",\"breadcrumb\":{\"@id\":\"https:\/\/www.huonaqua.com.au\/contact-us\/#breadcrumb\"},\"inLanguage\":\"vi\",\"potentialAction\":[{\"@type\":\"ReadAction\",\"target\":[\"https:\/\/www.huonaqua.com.au\/contact-us\/\"]}]},{\"@type\":\"BreadcrumbList\",\"@id\":\"https:\/\/www.huonaqua.com.au\/contact-us\/#breadcrumb\",\"itemListElement\":[{\"@type\":\"ListItem\",\"position\":1,\"name\":\"Home\",\"item\":\"https:\/\/www.huonaqua.com.au\/\"},{\"@type\":\"ListItem\",\"position\":2,\"name\":\"Contact us\"}]},{\"@type\":\"WebSite\",\"@id\":\"https:\/\/www.huonaqua.com.au\/#website\",\"url\":\"https:\/\/www.huonaqua.com.au\/\",\"name\":\"Huon Aqua\",\"description\":\"Oceans Ahead. Always.\",\"potentialAction\":[{\"@type\":\"SearchAction\",\"target\":{\"@type\":\"EntryPoint\",\"urlTemplate\":\"https:\/\/www.huonaqua.com.au\/?s={search_term_string}\"},\"query-input\":{\"@type\":\"PropertyValueSpecification\",\"valueRequired\":true,\"valueName\":\"search_term_string\"}}],\"inLanguage\":\"vi\"}]}<\/script>\n<!-- \/ Yoast SEO plugin. -->","yoast_head_json":{"title":"Contact us - Huon Aqua","robots":{"index":"index","follow":"follow","max-snippet":"max-snippet:-1","max-image-preview":"max-image-preview:large","max-video-preview":"max-video-preview:-1"},"canonical":"https:\/\/www.huonaqua.com.au\/vi\/contact-us\/","og_locale":"vi_VN","og_type":"article","og_title":"Contact us - Huon Aqua","og_description":"We love hearing from our customers and the wider community so please get in touch with us. We value everyone\u2019s compliments and comments, as your feedback helps our team continually improve.","og_url":"https:\/\/www.huonaqua.com.au\/vi\/contact-us\/","og_site_name":"Huon Aqua","article_modified_time":"2025-07-31T00:02:22+00:00","twitter_card":"summary_large_image","twitter_misc":{"Est. reading time":"1 minute"},"schema":{"@context":"https:\/\/schema.org","@graph":[{"@type":"WebPage","@id":"https:\/\/www.huonaqua.com.au\/contact-us\/","url":"https:\/\/www.huonaqua.com.au\/contact-us\/","name":"Contact us - Huon Aqua","isPartOf":{"@id":"https:\/\/www.huonaqua.com.au\/#website"},"datePublished":"2024-04-17T03:48:09+00:00","dateModified":"2025-07-31T00:02:22+00:00","breadcrumb":{"@id":"https:\/\/www.huonaqua.com.au\/contact-us\/#breadcrumb"},"inLanguage":"vi","potentialAction":[{"@type":"ReadAction","target":["https:\/\/www.huonaqua.com.au\/contact-us\/"]}]},{"@type":"BreadcrumbList","@id":"https:\/\/www.huonaqua.com.au\/contact-us\/#breadcrumb","itemListElement":[{"@type":"ListItem","position":1,"name":"Home","item":"https:\/\/www.huonaqua.com.au\/"},{"@type":"ListItem","position":2,"name":"Contact us"}]},{"@type":"WebSite","@id":"https:\/\/www.huonaqua.com.au\/#website","url":"https:\/\/www.huonaqua.com.au\/","name":"Huon Aqua","description":"Oceans Ahead. Always.","potentialAction":[{"@type":"SearchAction","target":{"@type":"EntryPoint","urlTemplate":"https:\/\/www.huonaqua.com.au\/?s={search_term_string}"},"query-input":{"@type":"PropertyValueSpecification","valueRequired":true,"valueName":"search_term_string"}}],"inLanguage":"vi"}]}},"_links":{"self":[{"href":"https:\/\/www.huonaqua.com.au\/vi\/wp-json\/wp\/v2\/pages\/295","targetHints":{"allow":["GET"]}}],"collection":[{"href":"https:\/\/www.huonaqua.com.au\/vi\/wp-json\/wp\/v2\/pages"}],"about":[{"href":"https:\/\/www.huonaqua.com.au\/vi\/wp-json\/wp\/v2\/types\/page"}],"author":[{"embeddable":true,"href":"https:\/\/www.huonaqua.com.au\/vi\/wp-json\/wp\/v2\/users\/1"}],"replies":[{"embeddable":true,"href":"https:\/\/www.huonaqua.com.au\/vi\/wp-json\/wp\/v2\/comments?post=295"}],"version-history":[{"count":12,"href":"https:\/\/www.huonaqua.com.au\/vi\/wp-json\/wp\/v2\/pages\/295\/revisions"}],"predecessor-version":[{"id":19110,"href":"https:\/\/www.huonaqua.com.au\/vi\/wp-json\/wp\/v2\/pages\/295\/revisions\/19110"}],"wp:attachment":[{"href":"https:\/\/www.huonaqua.com.au\/vi\/wp-json\/wp\/v2\/media?parent=295"}],"curies":[{"name":"wp","href":"https:\/\/api.w.org\/{rel}","templated":true}]}}