{"id":5,"date":"2024-04-09T05:59:30","date_gmt":"2024-04-09T05:59:30","guid":{"rendered":"https:\/\/www.huonaqua.com.au\/?page_id=5"},"modified":"2025-10-21T12:27:16","modified_gmt":"2025-10-21T01:27:16","slug":"home","status":"publish","type":"page","link":"https:\/\/www.huonaqua.com.au\/vi\/","title":{"rendered":"Trang ch\u1ee7"},"content":{"rendered":"<p>T\u1ea1i Huon, m\u1ecdi th\u1ee9 ch\u00fang t\u00f4i l\u00e0m \u0111\u1ec1u \u0111i tr\u01b0\u1edbc th\u1eddi \u0111\u1ea1i. L\u00e0 nh\u00e0 s\u1ea3n xu\u1ea5t c\u00e1 h\u1ed3i \u0110\u1ea1i T\u00e2y D\u01b0\u01a1ng h\u00e0ng \u0111\u1ea7u c\u1ee7a \u00dac, ch\u00fang t\u00f4i \u0111\u00e3 t\u1ef1 h\u00e0o d\u1eabn \u0111\u1ea7u th\u00f4ng qua s\u1ef1 \u0111\u1ed5i m\u1edbi kh\u00f4ng ng\u1eebng v\u00e0 s\u1ef1 ch\u0103m s\u00f3c t\u1ec9 m\u1ec9 m\u00e0 ch\u00fang t\u00f4i d\u00e0nh cho c\u00e1 v\u00e0 m\u00f4i tr\u01b0\u1eddng c\u1ee7a m\u00ecnh.<\/p>","protected":false},"excerpt":{"rendered":"<p>T\u1ea1i Huon, m\u1ecdi th\u1ee9 ch\u00fang t\u00f4i l\u00e0m \u0111\u1ec1u \u0111i tr\u01b0\u1edbc th\u1eddi \u0111\u1ea1i. L\u00e0 nh\u00e0 s\u1ea3n xu\u1ea5t c\u00e1 h\u1ed3i \u0110\u1ea1i T\u00e2y D\u01b0\u01a1ng h\u00e0ng \u0111\u1ea7u c\u1ee7a \u00dac, ch\u00fang t\u00f4i \u0111\u00e3 t\u1ef1 h\u00e0o d\u1eabn \u0111\u1ea7u th\u00f4ng qua s\u1ef1 \u0111\u1ed5i m\u1edbi kh\u00f4ng ng\u1eebng v\u00e0 s\u1ef1 ch\u0103m s\u00f3c t\u1ec9 m\u1ec9 m\u00e0 ch\u00fang t\u00f4i d\u00e0nh cho c\u00e1 v\u00e0 m\u00f4i tr\u01b0\u1eddng c\u1ee7a m\u00ecnh.<\/p>","protected":false},"author":1,"featured_media":0,"parent":0,"menu_order":44,"comment_status":"closed","ping_status":"closed","template":"templates\/home.php","meta":{"_acf_changed":false,"footnotes":""},"class_list":["post-5","page","type-page","status-publish","hentry"],"acf":[],"yoast_head":"<!-- This site is optimized with the Yoast SEO plugin v24.9 - https:\/\/yoast.com\/wordpress\/plugins\/seo\/ -->\n<title>Home - Huon Aqua<\/title>\n<meta name=\"robots\" content=\"index, follow, max-snippet:-1, max-image-preview:large, max-video-preview:-1\" \/>\n<link rel=\"canonical\" href=\"https:\/\/www.huonaqua.com.au\/vi\/\" \/>\n<meta property=\"og:locale\" content=\"vi_VN\" \/>\n<meta property=\"og:type\" content=\"article\" \/>\n<meta property=\"og:title\" content=\"Home - Huon Aqua\" \/>\n<meta property=\"og:description\" content=\"At Huon, everything we do is oceans ahead. As Australia\u2019s premier producer of Atlantic salmon, we\u2019ve proudly led the way through continuous innovation and the meticulous care we show our fish and our environment.\" \/>\n<meta property=\"og:url\" content=\"https:\/\/www.huonaqua.com.au\/vi\/\" \/>\n<meta property=\"og:site_name\" content=\"Huon Aqua\" \/>\n<meta property=\"article:modified_time\" content=\"2025-10-21T01:27:16+00:00\" \/>\n<meta name=\"twitter:card\" content=\"summary_large_image\" \/>\n<meta name=\"twitter:label1\" content=\"Est. reading time\" \/>\n\t<meta name=\"twitter:data1\" content=\"1 minute\" \/>\n<script type=\"application\/ld+json\" class=\"yoast-schema-graph\">{\"@context\":\"https:\/\/schema.org\",\"@graph\":[{\"@type\":\"WebPage\",\"@id\":\"https:\/\/www.huonaqua.com.au\/\",\"url\":\"https:\/\/www.huonaqua.com.au\/\",\"name\":\"Home - Huon Aqua\",\"isPartOf\":{\"@id\":\"https:\/\/www.huonaqua.com.au\/#website\"},\"datePublished\":\"2024-04-09T05:59:30+00:00\",\"dateModified\":\"2025-10-21T01:27:16+00:00\",\"breadcrumb\":{\"@id\":\"https:\/\/www.huonaqua.com.au\/#breadcrumb\"},\"inLanguage\":\"vi\",\"potentialAction\":[{\"@type\":\"ReadAction\",\"target\":[\"https:\/\/www.huonaqua.com.au\/\"]}]},{\"@type\":\"BreadcrumbList\",\"@id\":\"https:\/\/www.huonaqua.com.au\/#breadcrumb\",\"itemListElement\":[{\"@type\":\"ListItem\",\"position\":1,\"name\":\"Home\",\"item\":\"https:\/\/www.huonaqua.com.au\/\"},{\"@type\":\"ListItem\",\"position\":2,\"name\":\"Home\"}]},{\"@type\":\"WebSite\",\"@id\":\"https:\/\/www.huonaqua.com.au\/#website\",\"url\":\"https:\/\/www.huonaqua.com.au\/\",\"name\":\"Huon Aqua\",\"description\":\"Oceans Ahead. Always.\",\"potentialAction\":[{\"@type\":\"SearchAction\",\"target\":{\"@type\":\"EntryPoint\",\"urlTemplate\":\"https:\/\/www.huonaqua.com.au\/?s={search_term_string}\"},\"query-input\":{\"@type\":\"PropertyValueSpecification\",\"valueRequired\":true,\"valueName\":\"search_term_string\"}}],\"inLanguage\":\"vi\"}]}<\/script>\n<!-- \/ Yoast SEO plugin. -->","yoast_head_json":{"title":"Home - Huon Aqua","robots":{"index":"index","follow":"follow","max-snippet":"max-snippet:-1","max-image-preview":"max-image-preview:large","max-video-preview":"max-video-preview:-1"},"canonical":"https:\/\/www.huonaqua.com.au\/vi\/","og_locale":"vi_VN","og_type":"article","og_title":"Home - Huon Aqua","og_description":"At Huon, everything we do is oceans ahead. As Australia\u2019s premier producer of Atlantic salmon, we\u2019ve proudly led the way through continuous innovation and the meticulous care we show our fish and our environment.","og_url":"https:\/\/www.huonaqua.com.au\/vi\/","og_site_name":"Huon Aqua","article_modified_time":"2025-10-21T01:27:16+00:00","twitter_card":"summary_large_image","twitter_misc":{"Est. reading time":"1 minute"},"schema":{"@context":"https:\/\/schema.org","@graph":[{"@type":"WebPage","@id":"https:\/\/www.huonaqua.com.au\/","url":"https:\/\/www.huonaqua.com.au\/","name":"Home - Huon Aqua","isPartOf":{"@id":"https:\/\/www.huonaqua.com.au\/#website"},"datePublished":"2024-04-09T05:59:30+00:00","dateModified":"2025-10-21T01:27:16+00:00","breadcrumb":{"@id":"https:\/\/www.huonaqua.com.au\/#breadcrumb"},"inLanguage":"vi","potentialAction":[{"@type":"ReadAction","target":["https:\/\/www.huonaqua.com.au\/"]}]},{"@type":"BreadcrumbList","@id":"https:\/\/www.huonaqua.com.au\/#breadcrumb","itemListElement":[{"@type":"ListItem","position":1,"name":"Home","item":"https:\/\/www.huonaqua.com.au\/"},{"@type":"ListItem","position":2,"name":"Home"}]},{"@type":"WebSite","@id":"https:\/\/www.huonaqua.com.au\/#website","url":"https:\/\/www.huonaqua.com.au\/","name":"Huon Aqua","description":"Oceans Ahead. Always.","potentialAction":[{"@type":"SearchAction","target":{"@type":"EntryPoint","urlTemplate":"https:\/\/www.huonaqua.com.au\/?s={search_term_string}"},"query-input":{"@type":"PropertyValueSpecification","valueRequired":true,"valueName":"search_term_string"}}],"inLanguage":"vi"}]}},"_links":{"self":[{"href":"https:\/\/www.huonaqua.com.au\/vi\/wp-json\/wp\/v2\/pages\/5","targetHints":{"allow":["GET"]}}],"collection":[{"href":"https:\/\/www.huonaqua.com.au\/vi\/wp-json\/wp\/v2\/pages"}],"about":[{"href":"https:\/\/www.huonaqua.com.au\/vi\/wp-json\/wp\/v2\/types\/page"}],"author":[{"embeddable":true,"href":"https:\/\/www.huonaqua.com.au\/vi\/wp-json\/wp\/v2\/users\/1"}],"replies":[{"embeddable":true,"href":"https:\/\/www.huonaqua.com.au\/vi\/wp-json\/wp\/v2\/comments?post=5"}],"version-history":[{"count":24,"href":"https:\/\/www.huonaqua.com.au\/vi\/wp-json\/wp\/v2\/pages\/5\/revisions"}],"predecessor-version":[{"id":19384,"href":"https:\/\/www.huonaqua.com.au\/vi\/wp-json\/wp\/v2\/pages\/5\/revisions\/19384"}],"wp:attachment":[{"href":"https:\/\/www.huonaqua.com.au\/vi\/wp-json\/wp\/v2\/media?parent=5"}],"curies":[{"name":"wp","href":"https:\/\/api.w.org\/{rel}","templated":true}]}}